{"id":387,"date":"2025-12-20T20:55:26","date_gmt":"2025-12-20T19:55:26","guid":{"rendered":"https:\/\/webambition.fr\/?page_id=387"},"modified":"2026-02-06T12:47:55","modified_gmt":"2026-02-06T11:47:55","slug":"politique-de-cookies","status":"publish","type":"page","link":"https:\/\/webambition.fr\/index.php\/politique-de-cookies\/","title":{"rendered":"Politique de cookies"},"content":{"rendered":"\n<figure class=\"wp-block-image size-full is-resized\"><img loading=\"lazy\" decoding=\"async\" width=\"734\" height=\"245\" src=\"http:\/\/webambition.fr\/wp-content\/uploads\/2025\/12\/2.jpg\" alt=\"\" class=\"wp-image-441\" style=\"width:1200px;height:auto\" srcset=\"https:\/\/webambition.fr\/wp-content\/uploads\/2025\/12\/2.jpg 734w, https:\/\/webambition.fr\/wp-content\/uploads\/2025\/12\/2-300x100.jpg 300w\" sizes=\"auto, (max-width: 734px) 100vw, 734px\" \/><\/figure>\n\n\n\n<h1 class=\"wp-block-heading has-text-align-center has-ast-global-color-0-color has-text-color has-link-color wp-elements-6cfe977fffd95e902937e20661a80bc6\" style=\"padding-top:var(--wp--preset--spacing--60);padding-bottom:var(--wp--preset--spacing--60)\">Politique de Cookies<\/h1>\n\n\n\n<p class=\"has-ast-global-color-0-color has-text-color has-link-color wp-elements-2a0fa0559d4c3f7f55ac1d7bf7dfe8d1\"><strong>Derni\u00e8re mise \u00e0 jour : <\/strong>F\u00e9vrier 2026<\/p>\n\n\n\n<h2 class=\"wp-block-heading has-ast-global-color-0-color has-text-color has-link-color wp-elements-0773963a7cfc80cf1d4fd3e2182b027d\">1. Qu\u2019est-ce qu\u2019un cookie ?<\/h2>\n\n\n\n<p class=\"has-ast-global-color-0-color has-text-color has-link-color wp-elements-c3d255a88abb219ca4eb3efe950e9e52\" style=\"line-height:1.4\">Un cookie est un petit fichier d\u00e9pos\u00e9 sur votre appareil (ordinateur, smartphone, tablette) lors de la consultation d\u2019un site web.<br>Il permet de m\u00e9moriser certaines informations afin d\u2019am\u00e9liorer votre exp\u00e9rience de navigation.<\/p>\n\n\n\n<p class=\"has-ast-global-color-0-color has-text-color has-link-color wp-elements-143ac695ccf23029334dceddf6c22601\">Les cookies peuvent \u00eatre strictement n\u00e9cessaires, statistiques ou marketing.<\/p>\n\n\n\n<h2 class=\"wp-block-heading has-ast-global-color-0-color has-text-color has-link-color wp-elements-4c506e0aaa22e166e62d61b87814ad93\">2. Cookies utilis\u00e9s par WebAmbition<\/h2>\n\n\n\n<h3 class=\"wp-block-heading has-ast-global-color-0-color has-text-color has-link-color wp-elements-8358f96c2164a5c1a01e07d109348a7f\">2.1 Cookies techniques (obligatoires)<\/h3>\n\n\n\n<p class=\"has-ast-global-color-0-color has-text-color has-link-color wp-elements-65f675252371d8c8111f5cfb5249eab5\" style=\"line-height:1.4\">Ces cookies sont indispensables au fonctionnement du site.<br>Ils permettent notamment :<br>\u2013 l\u2019affichage correct des pages<br>\u2013 la s\u00e9curit\u00e9 du site (HTTPS)<br>\u2013 la gestion des pr\u00e9f\u00e9rences de la banni\u00e8re cookies<\/p>\n\n\n\n<p class=\"has-ast-global-color-0-color has-text-color has-link-color wp-elements-7cfa2a63abc30123dfde8e4245de2184\" style=\"line-height:1.4\">Ces cookies ne n\u00e9cessitent pas de consentement et ne peuvent pas \u00eatre d\u00e9sactiv\u00e9s depuis le site.<\/p>\n\n\n\n<h3 class=\"wp-block-heading has-ast-global-color-0-color has-text-color has-link-color wp-elements-ed2e591796191df790bde16e4377ba51\">2.2 Cookies statistiques (Google Analytics)<\/h3>\n\n\n\n<p class=\"has-ast-global-color-0-color has-text-color has-link-color wp-elements-be038b81bb04bfc402a6b5c25134b233\" style=\"line-height:1.4\">WebAmbition utilise Google Analytics afin de comprendre l\u2019utilisation du site et am\u00e9liorer ses contenus.<\/p>\n\n\n\n<p class=\"has-ast-global-color-0-color has-text-color has-link-color wp-elements-97418e7a86dc48b13f2647538dfa9612\" style=\"line-height:1.4\">Ces cookies permettent d\u2019obtenir des donn\u00e9es anonymis\u00e9es telles que :<br>\u2013 pages visit\u00e9es<br>\u2013 dur\u00e9e de visite<br>\u2013 clics<br>\u2013 type d\u2019appareil utilis\u00e9<\/p>\n\n\n\n<p class=\"has-ast-global-color-0-color has-text-color has-link-color wp-elements-c5adc8bd42017a5fb53c7e532007fdee\" style=\"line-height:1.4\">Ces cookies sont activ\u00e9s uniquement apr\u00e8s votre consentement via la banni\u00e8re cookies.<br><strong>Dur\u00e9e de conservation : 14 mois.<\/strong><\/p>\n\n\n\n<p class=\"has-ast-global-color-0-color has-text-color has-link-color wp-elements-e1e4b08e20e570694cf555235cd264f9\">Vous pouvez retirer votre consentement \u00e0 tout moment (voir section 5).<\/p>\n\n\n\n<h3 class=\"wp-block-heading has-ast-global-color-0-color has-text-color has-link-color wp-elements-f3ca6b23d06905b6cefe7387d7bddbad\">2.3 Cookies marketing<\/h3>\n\n\n\n<p class=\"has-ast-global-color-0-color has-text-color has-link-color wp-elements-5a2078b8d33d04839d4250dd089131d1\" style=\"line-height:1.4\">WebAmbition n\u2019utilise actuellement&nbsp;<strong>aucun cookie marketing<\/strong>, aucun cookie de ciblage publicitaire, ni aucun cookie provenant de plateformes externes (Facebook Ads, Google Ads, TikTok Ads, etc.).<\/p>\n\n\n\n<p class=\"has-ast-global-color-0-color has-text-color has-link-color wp-elements-0edda0c8562027fce3a4d9553972ec93\" style=\"line-height:1.4\">Si l\u2019usage venait \u00e0 \u00e9voluer, cette politique serait mise \u00e0 jour avant toute mise en ligne.<\/p>\n\n\n\n<h2 class=\"wp-block-heading has-ast-global-color-0-color has-text-color has-link-color wp-elements-f1287fd587c404cdfcda9338b490619e\">3. Gestion du consentement<\/h2>\n\n\n\n<p class=\"has-ast-global-color-0-color has-text-color has-link-color wp-elements-ca3d9b06dc52c746a46384ca745b71be\" style=\"line-height:1.4\">Lors de votre premi\u00e8re visite, une banni\u00e8re vous permet de :<br>\u2013 accepter tous les cookies<br>\u2013 refuser les cookies non essentiels<br>\u2013 personnaliser vos choix<\/p>\n\n\n\n<p class=\"has-ast-global-color-0-color has-text-color has-link-color wp-elements-46b12e6ca84ddebbb539fad8cd12b71d\" style=\"line-height:1.4\">Votre choix est conserv\u00e9 pendant&nbsp;<strong>12 mois<\/strong>, sauf suppression manuelle des cookies de votre part.<\/p>\n\n\n\n<h2 class=\"wp-block-heading has-ast-global-color-0-color has-text-color has-link-color wp-elements-e87f44138aa08f97da7ebd6ac2ca84e7\">4. Comment d\u00e9sactiver les cookies ?<\/h2>\n\n\n\n<p class=\"has-ast-global-color-0-color has-text-color has-link-color wp-elements-ab9def0ef6ddae0f843e03302692a162\" style=\"line-height:1.4\">Vous pouvez d\u00e9sactiver les cookies directement depuis les param\u00e8tres de votre navigateur.<\/p>\n\n\n\n<p class=\"has-ast-global-color-0-color has-text-color has-link-color wp-elements-f782ffaa544b063c4035a67b359cdea1\" style=\"line-height:1.4\">Guides officiels :<br>\u2013 Google Chrome<br>\u2013 Firefox<br>\u2013 Safari<br>\u2013 Microsoft Edge<\/p>\n\n\n\n<p class=\"has-ast-global-color-0-color has-text-color has-link-color wp-elements-a9e185da5dd4ef8cab52eb21026cdfc8\">La d\u00e9sactivation de certains cookies peut alt\u00e9rer le fonctionnement du site.<\/p>\n\n\n\n<h2 class=\"wp-block-heading has-ast-global-color-0-color has-text-color has-link-color wp-elements-cbbc266ce6f965b8e59994b7bcadbfda\">5. Modifier votre choix \u00e0 tout moment<\/h2>\n\n\n\n<p class=\"has-ast-global-color-0-color has-text-color has-link-color wp-elements-b35fa009cb9ce5e22b8f172133bcb053\" style=\"line-height:1.4\">Vous pouvez retirer ou modifier votre consentement aux cookies statistiques en cliquant sur :<br><strong>[Bouton \u201cG\u00e9rer les cookies\u201d du plugin RGPD]<\/strong><\/p>\n\n\n\n<p class=\"has-ast-global-color-0-color has-text-color has-link-color wp-elements-cb6b570c21788c10239e9d9747f968bf\">La fen\u00eatre de consentement s\u2019affichera \u00e0 nouveau.<\/p>\n\n\n\n<h2 class=\"wp-block-heading has-ast-global-color-0-color has-text-color has-link-color wp-elements-1ee4fca93f731ef3476253382ec52c90\">6. Transferts hors Union europ\u00e9enne (Google Analytics)<\/h2>\n\n\n\n<p class=\"has-ast-global-color-0-color has-text-color has-link-color wp-elements-8ac77b17c619e2b487b927cddc452ed3\" style=\"line-height:1.4\">Google Analytics peut entra\u00eener un transfert de donn\u00e9es vers les \u00c9tats-Unis.<br>Ces transferts sont encadr\u00e9s par le&nbsp;<strong>EU-US Data Privacy Framework<\/strong>&nbsp;adopt\u00e9 par la Commission europ\u00e9enne.<\/p>\n\n\n\n<p class=\"has-ast-global-color-0-color has-text-color has-link-color wp-elements-404bdaddc9a7571862ef69bfc2d70cc8\">Aucune donn\u00e9e nominative n\u2019est transmise.<\/p>\n\n\n\n<h2 class=\"wp-block-heading has-ast-global-color-0-color has-text-color has-link-color wp-elements-740aab92bb13dc5d0a7d9aae76180882\">7. Contact<\/h2>\n\n\n\n<p class=\"has-ast-global-color-0-color has-text-color has-link-color wp-elements-af0d1e6eeeaa9deefcad0ffc74e8a61b\" style=\"margin-top:var(--wp--preset--spacing--60);margin-right:0;margin-bottom:var(--wp--preset--spacing--60);margin-left:0;line-height:1.4\">Pour toute question relative aux cookies ou \u00e0 la protection des donn\u00e9es :<br><strong><a href=\"mailto:master.webambition@gmail.com\">master.webambition@gmail.com<\/a><\/strong><\/p>\n","protected":false},"excerpt":{"rendered":"<p>Politique de Cookies Derni\u00e8re mise \u00e0 jour : F\u00e9vrier 2026 1. Qu\u2019est-ce qu\u2019un cookie ? Un cookie est un petit [&hellip;]<\/p>\n","protected":false},"author":1,"featured_media":0,"parent":0,"menu_order":0,"comment_status":"closed","ping_status":"closed","template":"","meta":{"_uag_custom_page_level_css":"","site-sidebar-layout":"default","site-content-layout":"","ast-site-content-layout":"default","site-content-style":"default","site-sidebar-style":"default","ast-global-header-display":"","ast-banner-title-visibility":"","ast-main-header-display":"","ast-hfb-above-header-display":"","ast-hfb-below-header-display":"","ast-hfb-mobile-header-display":"","site-post-title":"disabled","ast-breadcrumbs-content":"","ast-featured-img":"","footer-sml-layout":"","ast-disable-related-posts":"","theme-transparent-header-meta":"","adv-header-id-meta":"","stick-header-meta":"","header-above-stick-meta":"","header-main-stick-meta":"","header-below-stick-meta":"","astra-migrate-meta-layouts":"default","ast-page-background-enabled":"default","ast-page-background-meta":{"desktop":{"background-color":"var(--ast-global-color-5)","background-image":"","background-repeat":"repeat","background-position":"center center","background-size":"auto","background-attachment":"scroll","background-type":"","background-media":"","overlay-type":"","overlay-color":"","overlay-opacity":"","overlay-gradient":""},"tablet":{"background-color":"","background-image":"","background-repeat":"repeat","background-position":"center center","background-size":"auto","background-attachment":"scroll","background-type":"","background-media":"","overlay-type":"","overlay-color":"","overlay-opacity":"","overlay-gradient":""},"mobile":{"background-color":"","background-image":"","background-repeat":"repeat","background-position":"center center","background-size":"auto","background-attachment":"scroll","background-type":"","background-media":"","overlay-type":"","overlay-color":"","overlay-opacity":"","overlay-gradient":""}},"ast-content-background-meta":{"desktop":{"background-color":"var(--ast-global-color-4)","background-image":"","background-repeat":"repeat","background-position":"center center","background-size":"auto","background-attachment":"scroll","background-type":"","background-media":"","overlay-type":"","overlay-color":"","overlay-opacity":"","overlay-gradient":""},"tablet":{"background-color":"var(--ast-global-color-4)","background-image":"","background-repeat":"repeat","background-position":"center center","background-size":"auto","background-attachment":"scroll","background-type":"","background-media":"","overlay-type":"","overlay-color":"","overlay-opacity":"","overlay-gradient":""},"mobile":{"background-color":"var(--ast-global-color-4)","background-image":"","background-repeat":"repeat","background-position":"center center","background-size":"auto","background-attachment":"scroll","background-type":"","background-media":"","overlay-type":"","overlay-color":"","overlay-opacity":"","overlay-gradient":""}},"_themeisle_gutenberg_block_has_review":false,"footnotes":""},"class_list":["post-387","page","type-page","status-publish","hentry"],"yoast_head":"<!-- This site is optimized with the Yoast SEO plugin v27.3 - https:\/\/yoast.com\/product\/yoast-seo-wordpress\/ -->\n<title>Politique de cookies \u2013 WebAmbition<\/title>\n<meta name=\"description\" content=\"Politique de cookies du site WebAmbition. Informations sur l\u2019utilisation des cookies et la gestion du consentement.\" \/>\n<meta name=\"robots\" content=\"index, follow, max-snippet:-1, max-image-preview:large, max-video-preview:-1\" \/>\n<link rel=\"canonical\" href=\"https:\/\/webambition.fr\/index.php\/politique-de-cookies\/\" \/>\n<meta property=\"og:locale\" content=\"fr_FR\" \/>\n<meta property=\"og:type\" content=\"article\" \/>\n<meta property=\"og:title\" content=\"Politique de cookies \u2013 WebAmbition\" \/>\n<meta property=\"og:description\" content=\"Politique de cookies du site WebAmbition. Informations sur l\u2019utilisation des cookies et la gestion du consentement.\" \/>\n<meta property=\"og:url\" content=\"https:\/\/webambition.fr\/index.php\/politique-de-cookies\/\" \/>\n<meta property=\"og:site_name\" content=\"webambition.fr\" \/>\n<meta property=\"article:modified_time\" content=\"2026-02-06T11:47:55+00:00\" \/>\n<meta property=\"og:image\" content=\"https:\/\/webambition.fr\/wp-content\/uploads\/2025\/12\/cropped-Logo-secondaire-1080X1080-fond-beige-ecriture-bleu-100RVB.jpg\" \/>\n\t<meta property=\"og:image:width\" content=\"512\" \/>\n\t<meta property=\"og:image:height\" content=\"512\" \/>\n\t<meta property=\"og:image:type\" content=\"image\/jpeg\" \/>\n<meta name=\"twitter:card\" content=\"summary_large_image\" \/>\n<meta name=\"twitter:label1\" content=\"Dur\u00e9e de lecture est.\" \/>\n\t<meta name=\"twitter:data1\" content=\"3 minutes\" \/>\n<script type=\"application\/ld+json\" class=\"yoast-schema-graph\">{\"@context\":\"https:\\\/\\\/schema.org\",\"@graph\":[{\"@type\":\"WebPage\",\"@id\":\"https:\\\/\\\/webambition.fr\\\/index.php\\\/politique-de-cookies\\\/\",\"url\":\"https:\\\/\\\/webambition.fr\\\/index.php\\\/politique-de-cookies\\\/\",\"name\":\"Politique de cookies \u2013 WebAmbition\",\"isPartOf\":{\"@id\":\"https:\\\/\\\/webambition.fr\\\/#website\"},\"primaryImageOfPage\":{\"@id\":\"https:\\\/\\\/webambition.fr\\\/index.php\\\/politique-de-cookies\\\/#primaryimage\"},\"image\":{\"@id\":\"https:\\\/\\\/webambition.fr\\\/index.php\\\/politique-de-cookies\\\/#primaryimage\"},\"thumbnailUrl\":\"http:\\\/\\\/webambition.fr\\\/wp-content\\\/uploads\\\/2025\\\/12\\\/2.jpg\",\"datePublished\":\"2025-12-20T19:55:26+00:00\",\"dateModified\":\"2026-02-06T11:47:55+00:00\",\"description\":\"Politique de cookies du site WebAmbition. Informations sur l\u2019utilisation des cookies et la gestion du consentement.\",\"breadcrumb\":{\"@id\":\"https:\\\/\\\/webambition.fr\\\/index.php\\\/politique-de-cookies\\\/#breadcrumb\"},\"inLanguage\":\"fr-BE\",\"potentialAction\":[{\"@type\":\"ReadAction\",\"target\":[\"https:\\\/\\\/webambition.fr\\\/index.php\\\/politique-de-cookies\\\/\"]}]},{\"@type\":\"ImageObject\",\"inLanguage\":\"fr-BE\",\"@id\":\"https:\\\/\\\/webambition.fr\\\/index.php\\\/politique-de-cookies\\\/#primaryimage\",\"url\":\"https:\\\/\\\/webambition.fr\\\/wp-content\\\/uploads\\\/2025\\\/12\\\/2.jpg\",\"contentUrl\":\"https:\\\/\\\/webambition.fr\\\/wp-content\\\/uploads\\\/2025\\\/12\\\/2.jpg\",\"width\":734,\"height\":245},{\"@type\":\"BreadcrumbList\",\"@id\":\"https:\\\/\\\/webambition.fr\\\/index.php\\\/politique-de-cookies\\\/#breadcrumb\",\"itemListElement\":[{\"@type\":\"ListItem\",\"position\":1,\"name\":\"Accueil\",\"item\":\"https:\\\/\\\/webambition.fr\\\/\"},{\"@type\":\"ListItem\",\"position\":2,\"name\":\"Politique de cookies\"}]},{\"@type\":\"WebSite\",\"@id\":\"https:\\\/\\\/webambition.fr\\\/#website\",\"url\":\"https:\\\/\\\/webambition.fr\\\/\",\"name\":\"webAmbition\",\"description\":\"\",\"publisher\":{\"@id\":\"https:\\\/\\\/webambition.fr\\\/#\\\/schema\\\/person\\\/5aa95e960cc5cd2547a2181e7c9feb6e\"},\"alternateName\":\"WebAmbition \u2013 cr\u00e9ation de sites web\",\"potentialAction\":[{\"@type\":\"SearchAction\",\"target\":{\"@type\":\"EntryPoint\",\"urlTemplate\":\"https:\\\/\\\/webambition.fr\\\/?s={search_term_string}\"},\"query-input\":{\"@type\":\"PropertyValueSpecification\",\"valueRequired\":true,\"valueName\":\"search_term_string\"}}],\"inLanguage\":\"fr-BE\"},{\"@type\":[\"Person\",\"Organization\"],\"@id\":\"https:\\\/\\\/webambition.fr\\\/#\\\/schema\\\/person\\\/5aa95e960cc5cd2547a2181e7c9feb6e\",\"name\":\"webambition.fr\",\"image\":{\"@type\":\"ImageObject\",\"inLanguage\":\"fr-BE\",\"@id\":\"https:\\\/\\\/webambition.fr\\\/wp-content\\\/uploads\\\/2025\\\/12\\\/cropped-cropped-Logo-avec-webmaster-500X500-ecriture-bleu.png\",\"url\":\"https:\\\/\\\/webambition.fr\\\/wp-content\\\/uploads\\\/2025\\\/12\\\/cropped-cropped-Logo-avec-webmaster-500X500-ecriture-bleu.png\",\"contentUrl\":\"https:\\\/\\\/webambition.fr\\\/wp-content\\\/uploads\\\/2025\\\/12\\\/cropped-cropped-Logo-avec-webmaster-500X500-ecriture-bleu.png\",\"width\":500,\"height\":166,\"caption\":\"webambition.fr\"},\"logo\":{\"@id\":\"https:\\\/\\\/webambition.fr\\\/wp-content\\\/uploads\\\/2025\\\/12\\\/cropped-cropped-Logo-avec-webmaster-500X500-ecriture-bleu.png\"},\"sameAs\":[\"https:\\\/\\\/webambition.fr\"]}]}<\/script>\n<!-- \/ Yoast SEO plugin. -->","yoast_head_json":{"title":"Politique de cookies \u2013 WebAmbition","description":"Politique de cookies du site WebAmbition. Informations sur l\u2019utilisation des cookies et la gestion du consentement.","robots":{"index":"index","follow":"follow","max-snippet":"max-snippet:-1","max-image-preview":"max-image-preview:large","max-video-preview":"max-video-preview:-1"},"canonical":"https:\/\/webambition.fr\/index.php\/politique-de-cookies\/","og_locale":"fr_FR","og_type":"article","og_title":"Politique de cookies \u2013 WebAmbition","og_description":"Politique de cookies du site WebAmbition. Informations sur l\u2019utilisation des cookies et la gestion du consentement.","og_url":"https:\/\/webambition.fr\/index.php\/politique-de-cookies\/","og_site_name":"webambition.fr","article_modified_time":"2026-02-06T11:47:55+00:00","og_image":[{"width":512,"height":512,"url":"https:\/\/webambition.fr\/wp-content\/uploads\/2025\/12\/cropped-Logo-secondaire-1080X1080-fond-beige-ecriture-bleu-100RVB.jpg","type":"image\/jpeg"}],"twitter_card":"summary_large_image","twitter_misc":{"Dur\u00e9e de lecture est.":"3 minutes"},"schema":{"@context":"https:\/\/schema.org","@graph":[{"@type":"WebPage","@id":"https:\/\/webambition.fr\/index.php\/politique-de-cookies\/","url":"https:\/\/webambition.fr\/index.php\/politique-de-cookies\/","name":"Politique de cookies \u2013 WebAmbition","isPartOf":{"@id":"https:\/\/webambition.fr\/#website"},"primaryImageOfPage":{"@id":"https:\/\/webambition.fr\/index.php\/politique-de-cookies\/#primaryimage"},"image":{"@id":"https:\/\/webambition.fr\/index.php\/politique-de-cookies\/#primaryimage"},"thumbnailUrl":"http:\/\/webambition.fr\/wp-content\/uploads\/2025\/12\/2.jpg","datePublished":"2025-12-20T19:55:26+00:00","dateModified":"2026-02-06T11:47:55+00:00","description":"Politique de cookies du site WebAmbition. Informations sur l\u2019utilisation des cookies et la gestion du consentement.","breadcrumb":{"@id":"https:\/\/webambition.fr\/index.php\/politique-de-cookies\/#breadcrumb"},"inLanguage":"fr-BE","potentialAction":[{"@type":"ReadAction","target":["https:\/\/webambition.fr\/index.php\/politique-de-cookies\/"]}]},{"@type":"ImageObject","inLanguage":"fr-BE","@id":"https:\/\/webambition.fr\/index.php\/politique-de-cookies\/#primaryimage","url":"https:\/\/webambition.fr\/wp-content\/uploads\/2025\/12\/2.jpg","contentUrl":"https:\/\/webambition.fr\/wp-content\/uploads\/2025\/12\/2.jpg","width":734,"height":245},{"@type":"BreadcrumbList","@id":"https:\/\/webambition.fr\/index.php\/politique-de-cookies\/#breadcrumb","itemListElement":[{"@type":"ListItem","position":1,"name":"Accueil","item":"https:\/\/webambition.fr\/"},{"@type":"ListItem","position":2,"name":"Politique de cookies"}]},{"@type":"WebSite","@id":"https:\/\/webambition.fr\/#website","url":"https:\/\/webambition.fr\/","name":"webAmbition","description":"","publisher":{"@id":"https:\/\/webambition.fr\/#\/schema\/person\/5aa95e960cc5cd2547a2181e7c9feb6e"},"alternateName":"WebAmbition \u2013 cr\u00e9ation de sites web","potentialAction":[{"@type":"SearchAction","target":{"@type":"EntryPoint","urlTemplate":"https:\/\/webambition.fr\/?s={search_term_string}"},"query-input":{"@type":"PropertyValueSpecification","valueRequired":true,"valueName":"search_term_string"}}],"inLanguage":"fr-BE"},{"@type":["Person","Organization"],"@id":"https:\/\/webambition.fr\/#\/schema\/person\/5aa95e960cc5cd2547a2181e7c9feb6e","name":"webambition.fr","image":{"@type":"ImageObject","inLanguage":"fr-BE","@id":"https:\/\/webambition.fr\/wp-content\/uploads\/2025\/12\/cropped-cropped-Logo-avec-webmaster-500X500-ecriture-bleu.png","url":"https:\/\/webambition.fr\/wp-content\/uploads\/2025\/12\/cropped-cropped-Logo-avec-webmaster-500X500-ecriture-bleu.png","contentUrl":"https:\/\/webambition.fr\/wp-content\/uploads\/2025\/12\/cropped-cropped-Logo-avec-webmaster-500X500-ecriture-bleu.png","width":500,"height":166,"caption":"webambition.fr"},"logo":{"@id":"https:\/\/webambition.fr\/wp-content\/uploads\/2025\/12\/cropped-cropped-Logo-avec-webmaster-500X500-ecriture-bleu.png"},"sameAs":["https:\/\/webambition.fr"]}]}},"uagb_featured_image_src":{"full":false,"thumbnail":false,"medium":false,"medium_large":false,"large":false,"1536x1536":false,"2048x2048":false,"mailpoet_newsletter_max":false},"uagb_author_info":{"display_name":"webambition.fr","author_link":"https:\/\/webambition.fr\/index.php\/author\/webambition-fr\/"},"uagb_comment_info":0,"uagb_excerpt":"Politique de Cookies Derni\u00e8re mise \u00e0 jour : F\u00e9vrier 2026 1. Qu\u2019est-ce qu\u2019un cookie ? Un cookie est un petit [&hellip;]","_links":{"self":[{"href":"https:\/\/webambition.fr\/index.php\/wp-json\/wp\/v2\/pages\/387","targetHints":{"allow":["GET"]}}],"collection":[{"href":"https:\/\/webambition.fr\/index.php\/wp-json\/wp\/v2\/pages"}],"about":[{"href":"https:\/\/webambition.fr\/index.php\/wp-json\/wp\/v2\/types\/page"}],"author":[{"embeddable":true,"href":"https:\/\/webambition.fr\/index.php\/wp-json\/wp\/v2\/users\/1"}],"replies":[{"embeddable":true,"href":"https:\/\/webambition.fr\/index.php\/wp-json\/wp\/v2\/comments?post=387"}],"version-history":[{"count":6,"href":"https:\/\/webambition.fr\/index.php\/wp-json\/wp\/v2\/pages\/387\/revisions"}],"predecessor-version":[{"id":758,"href":"https:\/\/webambition.fr\/index.php\/wp-json\/wp\/v2\/pages\/387\/revisions\/758"}],"wp:attachment":[{"href":"https:\/\/webambition.fr\/index.php\/wp-json\/wp\/v2\/media?parent=387"}],"curies":[{"name":"wp","href":"https:\/\/api.w.org\/{rel}","templated":true}]}}