{"id":75,"date":"2025-12-13T17:21:50","date_gmt":"2025-12-13T16:21:50","guid":{"rendered":"https:\/\/webambition.fr\/?page_id=75"},"modified":"2025-12-28T18:13:57","modified_gmt":"2025-12-28T17:13:57","slug":"services","status":"publish","type":"page","link":"https:\/\/webambition.fr\/index.php\/services\/","title":{"rendered":"Service"},"content":{"rendered":"\n<div class=\"wp-block-uagb-container uagb-block-2e045897 alignfull uagb-is-root-container\">\n<h1 class=\"wp-block-heading has-text-align-center animated fadeIn delay-100ms slow has-ast-global-color-0-color has-text-color has-link-color wp-elements-c1363c15c742cd02112ef2e7bcbe723b\"><strong>Cr\u00e9ation de site web avec accompagnement humain et structur\u00e9<\/strong><\/h1>\n<\/div>\n\n\n<style>.kb-row-layout-wrap.wp-block-kadence-rowlayout.kb-row-layout-id75_d2c3e8-3b{margin-bottom:var(--global-kb-spacing-xxl, 5rem);}.kb-row-layout-id75_d2c3e8-3b > .kt-row-column-wrap{align-content:start;}:where(.kb-row-layout-id75_d2c3e8-3b > .kt-row-column-wrap) > .wp-block-kadence-column{justify-content:start;}.kb-row-layout-id75_d2c3e8-3b > .kt-row-column-wrap{column-gap:var(--global-kb-gap-md, 2rem);row-gap:var(--global-kb-gap-md, 2rem);padding-top:var(--global-kb-spacing-3xl, 6.5rem);padding-bottom:var(--global-kb-spacing-lg, 3rem);}.kb-row-layout-id75_d2c3e8-3b > .kt-row-column-wrap > div:not(.added-for-specificity){grid-column:initial;}.kb-row-layout-id75_d2c3e8-3b > .kt-row-column-wrap{grid-template-columns:repeat(3, minmax(0, 1fr));}.kb-row-layout-id75_d2c3e8-3b > .kt-row-layout-overlay{opacity:0.30;}@media all and (max-width: 1024px){.kb-row-layout-id75_d2c3e8-3b > .kt-row-column-wrap > div:not(.added-for-specificity){grid-column:initial;}}@media all and (max-width: 1024px){.kb-row-layout-id75_d2c3e8-3b > .kt-row-column-wrap{grid-template-columns:repeat(3, minmax(0, 1fr));}}@media all and (max-width: 767px){.kb-row-layout-id75_d2c3e8-3b > .kt-row-column-wrap > div:not(.added-for-specificity){grid-column:initial;}.kb-row-layout-id75_d2c3e8-3b > .kt-row-column-wrap{grid-template-columns:minmax(0, 1fr);}}<\/style><div class=\"kb-row-layout-wrap kb-row-layout-id75_d2c3e8-3b alignnone wp-block-kadence-rowlayout\"><div class=\"kt-row-column-wrap kt-has-3-columns kt-row-layout-equal kt-tab-layout-inherit kt-mobile-layout-row kt-row-valign-top\">\n<style>.kadence-column75_394243-74 > .kt-inside-inner-col,.kadence-column75_394243-74 > .kt-inside-inner-col:before{border-top-left-radius:0px;border-top-right-radius:0px;border-bottom-right-radius:0px;border-bottom-left-radius:0px;}.kadence-column75_394243-74 > .kt-inside-inner-col{column-gap:var(--global-kb-gap-sm, 1rem);}.kadence-column75_394243-74 > .kt-inside-inner-col{flex-direction:column;}.kadence-column75_394243-74 > .kt-inside-inner-col > .aligncenter{width:100%;}.kadence-column75_394243-74 > .kt-inside-inner-col:before{opacity:0.3;}.kadence-column75_394243-74{position:relative;}@media all and (max-width: 1024px){.kadence-column75_394243-74 > .kt-inside-inner-col{flex-direction:column;justify-content:center;}}@media all and (max-width: 767px){.kadence-column75_394243-74 > .kt-inside-inner-col{flex-direction:column;justify-content:center;}}<\/style>\n<div class=\"wp-block-kadence-column kadence-column75_394243-74\"><div class=\"kt-inside-inner-col\">\n<h2 class=\"wp-block-heading has-text-align-center animated fadeIn delay-100ms slow has-ast-global-color-0-color has-text-color has-link-color wp-elements-3487eaf2dad693a3d4e8aa347d3168ad\">Site one-page<\/h2>\n\n\n\n<p class=\"has-ast-global-color-0-color has-text-color has-link-color wp-elements-58c09b1880f2e6f957df3e4f65a48c1d\" style=\"line-height:1.4\">Un site simple et clair pour pr\u00e9senter ton activit\u00e9, poser un cadre professionnel<br>et \u00eatre visible sans te perdre dans la technique.<\/p>\n\n\n\n<div class=\"wp-block-buttons animated fadeIn delay-100ms slow is-content-justification-center is-layout-flex wp-container-core-buttons-is-layout-a89b3969 wp-block-buttons-is-layout-flex\">\n<div class=\"wp-block-button\"><a class=\"wp-block-button__link wp-element-button\" href=\"https:\/\/webambition.fr\/index.php\/one-page\/\">D\u00e9couvrir le one-page<\/a><\/div>\n<\/div>\n<\/div><\/div>\n\n\n<style>.kadence-column75_1bb393-e2 > .kt-inside-inner-col,.kadence-column75_1bb393-e2 > .kt-inside-inner-col:before{border-top-left-radius:0px;border-top-right-radius:0px;border-bottom-right-radius:0px;border-bottom-left-radius:0px;}.kadence-column75_1bb393-e2 > .kt-inside-inner-col{column-gap:var(--global-kb-gap-sm, 1rem);}.kadence-column75_1bb393-e2 > .kt-inside-inner-col{flex-direction:column;}.kadence-column75_1bb393-e2 > .kt-inside-inner-col > .aligncenter{width:100%;}.kadence-column75_1bb393-e2 > .kt-inside-inner-col:before{opacity:0.3;}.kadence-column75_1bb393-e2{position:relative;}@media all and (max-width: 1024px){.kadence-column75_1bb393-e2 > .kt-inside-inner-col{flex-direction:column;justify-content:center;}}@media all and (max-width: 767px){.kadence-column75_1bb393-e2 > .kt-inside-inner-col{flex-direction:column;justify-content:center;}}<\/style>\n<div class=\"wp-block-kadence-column kadence-column75_1bb393-e2\"><div class=\"kt-inside-inner-col\">\n<h2 class=\"wp-block-heading has-text-align-center animated fadeIn delay-200ms slow has-ast-global-color-0-color has-text-color has-link-color wp-elements-1071bad55b099ddd2d8630a341fa7bb6\">Site vitrine<\/h2>\n\n\n\n<p class=\"has-ast-global-color-0-color has-text-color has-link-color wp-elements-8f26ae68df147a650db4884a4727a6da\" style=\"line-height:1.4\">Un site structur\u00e9 avec plusieurs pages pour expliquer ton projet,<br>inspirer confiance et permettre \u00e0 tes visiteurs de comprendre ce que tu proposes.<\/p>\n\n\n\n<div class=\"wp-block-buttons animated fadeIn delay-200ms slow is-layout-flex wp-block-buttons-is-layout-flex\">\n<div class=\"wp-block-button\"><a class=\"wp-block-button__link wp-element-button\" href=\"https:\/\/webambition.fr\/index.php\/site-vitrine\/\">D\u00e9couvrir le site vitrine<\/a><\/div>\n<\/div>\n<\/div><\/div>\n\n\n<style>.kadence-column75_15c07a-15 > .kt-inside-inner-col,.kadence-column75_15c07a-15 > .kt-inside-inner-col:before{border-top-left-radius:0px;border-top-right-radius:0px;border-bottom-right-radius:0px;border-bottom-left-radius:0px;}.kadence-column75_15c07a-15 > .kt-inside-inner-col{column-gap:var(--global-kb-gap-sm, 1rem);}.kadence-column75_15c07a-15 > .kt-inside-inner-col{flex-direction:column;}.kadence-column75_15c07a-15 > .kt-inside-inner-col > .aligncenter{width:100%;}.kadence-column75_15c07a-15 > .kt-inside-inner-col:before{opacity:0.3;}.kadence-column75_15c07a-15{position:relative;}@media all and (max-width: 1024px){.kadence-column75_15c07a-15 > .kt-inside-inner-col{flex-direction:column;justify-content:center;}}@media all and (max-width: 767px){.kadence-column75_15c07a-15 > .kt-inside-inner-col{flex-direction:column;justify-content:center;}}<\/style>\n<div class=\"wp-block-kadence-column kadence-column75_15c07a-15\"><div class=\"kt-inside-inner-col\">\n<h2 class=\"wp-block-heading has-text-align-center animated fadeIn delay-500ms slow has-ast-global-color-0-color has-text-color has-link-color wp-elements-0ebb0504b3faaa7a0bcf52afd996adf1\">Site e-commerce<\/h2>\n\n\n\n<p class=\"has-ast-global-color-0-color has-text-color has-link-color wp-elements-f9c8bc1dafc759c1fef6593c6d96db65\" style=\"line-height:1.4\">Une boutique en ligne pens\u00e9e pour vendre simplement,<br>avec un accompagnement pas \u00e0 pas pour que tu restes autonome.<\/p>\n\n\n\n<div class=\"wp-block-buttons animated fadeIn delay-500ms slow is-content-justification-center is-layout-flex wp-container-core-buttons-is-layout-a89b3969 wp-block-buttons-is-layout-flex\">\n<div class=\"wp-block-button\"><a class=\"wp-block-button__link wp-element-button\" href=\"https:\/\/webambition.fr\/index.php\/e-commerce\/\">D\u00e9couvrir l\u2019e-commerce<\/a><\/div>\n<\/div>\n<\/div><\/div>\n\n<\/div><\/div>\n\n\n<h3 class=\"wp-block-heading has-text-align-center animated fadeIn delay-100ms slow has-ast-global-color-0-color has-text-color has-link-color wp-elements-f8f6e3a8ba4d8768dff4090d5b9ec675\">COMMENT \u00c7A SE PASSE<\/h3>\n\n\n<style>.kb-row-layout-wrap.wp-block-kadence-rowlayout.kb-row-layout-id75_56c085-61{margin-bottom:var(--global-kb-spacing-md, 2rem);}.kb-row-layout-id75_56c085-61 > .kt-row-column-wrap{align-content:start;}:where(.kb-row-layout-id75_56c085-61 > .kt-row-column-wrap) > .wp-block-kadence-column{justify-content:start;}.kb-row-layout-id75_56c085-61 > .kt-row-column-wrap{column-gap:var(--global-kb-gap-md, 2rem);row-gap:var(--global-kb-gap-md, 2rem);padding-top:var(--global-kb-spacing-sm, 1.5rem);padding-bottom:var(--global-kb-spacing-sm, 1.5rem);grid-template-columns:minmax(0, 1fr) minmax(0, 2fr);}.kb-row-layout-id75_56c085-61 > .kt-row-layout-overlay{opacity:0.30;}@media all and (max-width: 1024px){.kb-row-layout-id75_56c085-61 > .kt-row-column-wrap{grid-template-columns:minmax(0, 1fr) minmax(0, 2fr);}}@media all and (max-width: 767px){.kb-row-layout-id75_56c085-61 > .kt-row-column-wrap{grid-template-columns:minmax(0, 1fr);}}<\/style><div class=\"kb-row-layout-wrap kb-row-layout-id75_56c085-61 alignnone wp-block-kadence-rowlayout\"><div class=\"kt-row-column-wrap kt-has-2-columns kt-row-layout-right-golden kt-tab-layout-inherit kt-mobile-layout-row kt-row-valign-top\">\n<style>.kadence-column75_f13f18-15 > .kt-inside-inner-col,.kadence-column75_f13f18-15 > .kt-inside-inner-col:before{border-top-left-radius:0px;border-top-right-radius:0px;border-bottom-right-radius:0px;border-bottom-left-radius:0px;}.kadence-column75_f13f18-15 > .kt-inside-inner-col{column-gap:var(--global-kb-gap-sm, 1rem);}.kadence-column75_f13f18-15 > .kt-inside-inner-col{flex-direction:column;}.kadence-column75_f13f18-15 > .kt-inside-inner-col > .aligncenter{width:100%;}.kadence-column75_f13f18-15 > .kt-inside-inner-col:before{opacity:0.3;}.kadence-column75_f13f18-15{position:relative;}@media all and (max-width: 1024px){.kadence-column75_f13f18-15 > .kt-inside-inner-col{flex-direction:column;justify-content:center;}}@media all and (max-width: 767px){.kadence-column75_f13f18-15 > .kt-inside-inner-col{flex-direction:column;justify-content:center;}}<\/style>\n<div class=\"wp-block-kadence-column kadence-column75_f13f18-15\"><div class=\"kt-inside-inner-col\">\n<p class=\"has-text-align-left has-ast-global-color-0-color has-text-color has-link-color wp-elements-a4f42c5acc39a7b4b4570421332c1a20\"><strong>Les \u00e9tapes<\/strong><\/p>\n\n\n\n<p class=\"has-ast-global-color-0-color has-text-color has-link-color wp-elements-27508377a09c529f64d3323f759e492c\" style=\"line-height:1.4\">\u00c9change<br>Structure<br>Cr\u00e9ation<br>Mise en ligne<\/p>\n<\/div><\/div>\n\n\n<style>.kadence-column75_9801df-6f > .kt-inside-inner-col,.kadence-column75_9801df-6f > .kt-inside-inner-col:before{border-top-left-radius:0px;border-top-right-radius:0px;border-bottom-right-radius:0px;border-bottom-left-radius:0px;}.kadence-column75_9801df-6f > .kt-inside-inner-col{column-gap:var(--global-kb-gap-sm, 1rem);}.kadence-column75_9801df-6f > .kt-inside-inner-col{flex-direction:column;}.kadence-column75_9801df-6f > .kt-inside-inner-col > .aligncenter{width:100%;}.kadence-column75_9801df-6f > .kt-inside-inner-col:before{opacity:0.3;}.kadence-column75_9801df-6f{position:relative;}@media all and (max-width: 1024px){.kadence-column75_9801df-6f > .kt-inside-inner-col{flex-direction:column;justify-content:center;}}@media all and (max-width: 767px){.kadence-column75_9801df-6f > .kt-inside-inner-col{flex-direction:column;justify-content:center;}}<\/style>\n<div class=\"wp-block-kadence-column kadence-column75_9801df-6f\"><div class=\"kt-inside-inner-col\">\n<p class=\"has-text-align-right has-ast-global-color-0-color has-text-color has-link-color wp-elements-ce8c47df1c1b0cce8fa28958bc675e54\"><strong>Ce que je t\u2019apporte<\/strong><\/p>\n\n\n\n<p class=\"has-text-align-right has-ast-global-color-0-color has-text-color has-link-color wp-elements-4a3716ccf515bf91d0afbc051349429b\" style=\"line-height:1.4\">Accompagnement humain du d\u00e9but \u00e0 la fin<br>Structure claire et compr\u00e9hensible<br>Site facile \u00e0 g\u00e9rer seule<br>Explications simples, sans jargon<\/p>\n<\/div><\/div>\n\n<\/div><\/div>\n\n\n<h3 class=\"wp-block-heading has-text-align-center animated fadeIn delay-100ms slow has-ast-global-color-0-color has-text-color has-link-color wp-elements-fd7fa8a6104e07692b1d75bbb58bfe6a\">On en parle simplement.<\/h3>\n\n\n\n<div class=\"wp-block-buttons is-content-justification-center is-layout-flex wp-container-core-buttons-is-layout-a89b3969 wp-block-buttons-is-layout-flex\">\n<div class=\"wp-block-button\"><a class=\"wp-block-button__link wp-element-button\" href=\"https:\/\/webambition.fr\/index.php\/contact\/\">Me contacter<\/a><\/div>\n<\/div>\n","protected":false},"excerpt":{"rendered":"<p>Cr\u00e9ation de site web avec accompagnement humain et structur\u00e9 Site one-page Un site simple et clair pour pr\u00e9senter ton activit\u00e9, [&hellip;]<\/p>\n","protected":false},"author":1,"featured_media":0,"parent":0,"menu_order":0,"comment_status":"closed","ping_status":"closed","template":"","meta":{"_uag_custom_page_level_css":"","site-sidebar-layout":"default","site-content-layout":"","ast-site-content-layout":"default","site-content-style":"default","site-sidebar-style":"default","ast-global-header-display":"","ast-banner-title-visibility":"","ast-main-header-display":"","ast-hfb-above-header-display":"","ast-hfb-below-header-display":"","ast-hfb-mobile-header-display":"","site-post-title":"disabled","ast-breadcrumbs-content":"","ast-featured-img":"","footer-sml-layout":"","ast-disable-related-posts":"","theme-transparent-header-meta":"","adv-header-id-meta":"","stick-header-meta":"","header-above-stick-meta":"","header-main-stick-meta":"","header-below-stick-meta":"","astra-migrate-meta-layouts":"default","ast-page-background-enabled":"default","ast-page-background-meta":{"desktop":{"background-color":"var(--ast-global-color-5)","background-image":"","background-repeat":"repeat","background-position":"center center","background-size":"auto","background-attachment":"scroll","background-type":"","background-media":"","overlay-type":"","overlay-color":"","overlay-opacity":"","overlay-gradient":""},"tablet":{"background-color":"","background-image":"","background-repeat":"repeat","background-position":"center center","background-size":"auto","background-attachment":"scroll","background-type":"","background-media":"","overlay-type":"","overlay-color":"","overlay-opacity":"","overlay-gradient":""},"mobile":{"background-color":"","background-image":"","background-repeat":"repeat","background-position":"center center","background-size":"auto","background-attachment":"scroll","background-type":"","background-media":"","overlay-type":"","overlay-color":"","overlay-opacity":"","overlay-gradient":""}},"ast-content-background-meta":{"desktop":{"background-color":"var(--ast-global-color-4)","background-image":"","background-repeat":"repeat","background-position":"center center","background-size":"auto","background-attachment":"scroll","background-type":"","background-media":"","overlay-type":"","overlay-color":"","overlay-opacity":"","overlay-gradient":""},"tablet":{"background-color":"var(--ast-global-color-4)","background-image":"","background-repeat":"repeat","background-position":"center center","background-size":"auto","background-attachment":"scroll","background-type":"","background-media":"","overlay-type":"","overlay-color":"","overlay-opacity":"","overlay-gradient":""},"mobile":{"background-color":"var(--ast-global-color-4)","background-image":"","background-repeat":"repeat","background-position":"center center","background-size":"auto","background-attachment":"scroll","background-type":"","background-media":"","overlay-type":"","overlay-color":"","overlay-opacity":"","overlay-gradient":""}},"_themeisle_gutenberg_block_has_review":false,"footnotes":""},"class_list":["post-75","page","type-page","status-publish","hentry"],"yoast_head":"<!-- This site is optimized with the Yoast SEO plugin v27.3 - https:\/\/yoast.com\/product\/yoast-seo-wordpress\/ -->\n<title>Services de cr\u00e9ation de site web \u2013 WebAmbition<\/title>\n<meta name=\"description\" content=\"D\u00e9couvrez les services WebAmbition : cr\u00e9ation de sites web WordPress, accompagnement humain et solutions adapt\u00e9es \u00e0 votre projet.\" \/>\n<meta name=\"robots\" content=\"index, follow, max-snippet:-1, max-image-preview:large, max-video-preview:-1\" \/>\n<link rel=\"canonical\" href=\"https:\/\/webambition.fr\/index.php\/services\/\" \/>\n<meta property=\"og:locale\" content=\"fr_FR\" \/>\n<meta property=\"og:type\" content=\"article\" \/>\n<meta property=\"og:title\" content=\"Services de cr\u00e9ation de site web\" \/>\n<meta property=\"og:description\" content=\"D\u00e9couvrez les services WebAmbition pour cr\u00e9er un site web clair, professionnel et adapt\u00e9 \u00e0 votre projet.\" \/>\n<meta property=\"og:url\" content=\"https:\/\/webambition.fr\/index.php\/services\/\" \/>\n<meta property=\"og:site_name\" content=\"webambition.fr\" \/>\n<meta property=\"article:modified_time\" content=\"2025-12-28T17:13:57+00:00\" \/>\n<meta property=\"og:image\" content=\"https:\/\/webambition.fr\/wp-content\/uploads\/2025\/12\/cropped-Logo-secondaire-1080X1080-fond-beige-ecriture-bleu-100RVB.jpg\" \/>\n\t<meta property=\"og:image:width\" content=\"512\" \/>\n\t<meta property=\"og:image:height\" content=\"512\" \/>\n\t<meta property=\"og:image:type\" content=\"image\/jpeg\" \/>\n<meta name=\"twitter:card\" content=\"summary_large_image\" \/>\n<meta name=\"twitter:label1\" content=\"Dur\u00e9e de lecture est.\" \/>\n\t<meta name=\"twitter:data1\" content=\"1 minute\" \/>\n<script type=\"application\/ld+json\" class=\"yoast-schema-graph\">{\"@context\":\"https:\\\/\\\/schema.org\",\"@graph\":[{\"@type\":\"WebPage\",\"@id\":\"https:\\\/\\\/webambition.fr\\\/index.php\\\/services\\\/\",\"url\":\"https:\\\/\\\/webambition.fr\\\/index.php\\\/services\\\/\",\"name\":\"Services de cr\u00e9ation de site web \u2013 WebAmbition\",\"isPartOf\":{\"@id\":\"https:\\\/\\\/webambition.fr\\\/#website\"},\"datePublished\":\"2025-12-13T16:21:50+00:00\",\"dateModified\":\"2025-12-28T17:13:57+00:00\",\"description\":\"D\u00e9couvrez les services WebAmbition : cr\u00e9ation de sites web WordPress, accompagnement humain et solutions adapt\u00e9es \u00e0 votre projet.\",\"breadcrumb\":{\"@id\":\"https:\\\/\\\/webambition.fr\\\/index.php\\\/services\\\/#breadcrumb\"},\"inLanguage\":\"fr-BE\",\"potentialAction\":[{\"@type\":\"ReadAction\",\"target\":[\"https:\\\/\\\/webambition.fr\\\/index.php\\\/services\\\/\"]}]},{\"@type\":\"BreadcrumbList\",\"@id\":\"https:\\\/\\\/webambition.fr\\\/index.php\\\/services\\\/#breadcrumb\",\"itemListElement\":[{\"@type\":\"ListItem\",\"position\":1,\"name\":\"Accueil\",\"item\":\"https:\\\/\\\/webambition.fr\\\/\"},{\"@type\":\"ListItem\",\"position\":2,\"name\":\"Service\"}]},{\"@type\":\"WebSite\",\"@id\":\"https:\\\/\\\/webambition.fr\\\/#website\",\"url\":\"https:\\\/\\\/webambition.fr\\\/\",\"name\":\"webAmbition\",\"description\":\"\",\"publisher\":{\"@id\":\"https:\\\/\\\/webambition.fr\\\/#\\\/schema\\\/person\\\/5aa95e960cc5cd2547a2181e7c9feb6e\"},\"alternateName\":\"WebAmbition \u2013 cr\u00e9ation de sites web\",\"potentialAction\":[{\"@type\":\"SearchAction\",\"target\":{\"@type\":\"EntryPoint\",\"urlTemplate\":\"https:\\\/\\\/webambition.fr\\\/?s={search_term_string}\"},\"query-input\":{\"@type\":\"PropertyValueSpecification\",\"valueRequired\":true,\"valueName\":\"search_term_string\"}}],\"inLanguage\":\"fr-BE\"},{\"@type\":[\"Person\",\"Organization\"],\"@id\":\"https:\\\/\\\/webambition.fr\\\/#\\\/schema\\\/person\\\/5aa95e960cc5cd2547a2181e7c9feb6e\",\"name\":\"webambition.fr\",\"image\":{\"@type\":\"ImageObject\",\"inLanguage\":\"fr-BE\",\"@id\":\"https:\\\/\\\/webambition.fr\\\/wp-content\\\/uploads\\\/2025\\\/12\\\/cropped-cropped-Logo-avec-webmaster-500X500-ecriture-bleu.png\",\"url\":\"https:\\\/\\\/webambition.fr\\\/wp-content\\\/uploads\\\/2025\\\/12\\\/cropped-cropped-Logo-avec-webmaster-500X500-ecriture-bleu.png\",\"contentUrl\":\"https:\\\/\\\/webambition.fr\\\/wp-content\\\/uploads\\\/2025\\\/12\\\/cropped-cropped-Logo-avec-webmaster-500X500-ecriture-bleu.png\",\"width\":500,\"height\":166,\"caption\":\"webambition.fr\"},\"logo\":{\"@id\":\"https:\\\/\\\/webambition.fr\\\/wp-content\\\/uploads\\\/2025\\\/12\\\/cropped-cropped-Logo-avec-webmaster-500X500-ecriture-bleu.png\"},\"sameAs\":[\"https:\\\/\\\/webambition.fr\"]}]}<\/script>\n<!-- \/ Yoast SEO plugin. -->","yoast_head_json":{"title":"Services de cr\u00e9ation de site web \u2013 WebAmbition","description":"D\u00e9couvrez les services WebAmbition : cr\u00e9ation de sites web WordPress, accompagnement humain et solutions adapt\u00e9es \u00e0 votre projet.","robots":{"index":"index","follow":"follow","max-snippet":"max-snippet:-1","max-image-preview":"max-image-preview:large","max-video-preview":"max-video-preview:-1"},"canonical":"https:\/\/webambition.fr\/index.php\/services\/","og_locale":"fr_FR","og_type":"article","og_title":"Services de cr\u00e9ation de site web","og_description":"D\u00e9couvrez les services WebAmbition pour cr\u00e9er un site web clair, professionnel et adapt\u00e9 \u00e0 votre projet.","og_url":"https:\/\/webambition.fr\/index.php\/services\/","og_site_name":"webambition.fr","article_modified_time":"2025-12-28T17:13:57+00:00","og_image":[{"width":512,"height":512,"url":"https:\/\/webambition.fr\/wp-content\/uploads\/2025\/12\/cropped-Logo-secondaire-1080X1080-fond-beige-ecriture-bleu-100RVB.jpg","type":"image\/jpeg"}],"twitter_card":"summary_large_image","twitter_misc":{"Dur\u00e9e de lecture est.":"1 minute"},"schema":{"@context":"https:\/\/schema.org","@graph":[{"@type":"WebPage","@id":"https:\/\/webambition.fr\/index.php\/services\/","url":"https:\/\/webambition.fr\/index.php\/services\/","name":"Services de cr\u00e9ation de site web \u2013 WebAmbition","isPartOf":{"@id":"https:\/\/webambition.fr\/#website"},"datePublished":"2025-12-13T16:21:50+00:00","dateModified":"2025-12-28T17:13:57+00:00","description":"D\u00e9couvrez les services WebAmbition : cr\u00e9ation de sites web WordPress, accompagnement humain et solutions adapt\u00e9es \u00e0 votre projet.","breadcrumb":{"@id":"https:\/\/webambition.fr\/index.php\/services\/#breadcrumb"},"inLanguage":"fr-BE","potentialAction":[{"@type":"ReadAction","target":["https:\/\/webambition.fr\/index.php\/services\/"]}]},{"@type":"BreadcrumbList","@id":"https:\/\/webambition.fr\/index.php\/services\/#breadcrumb","itemListElement":[{"@type":"ListItem","position":1,"name":"Accueil","item":"https:\/\/webambition.fr\/"},{"@type":"ListItem","position":2,"name":"Service"}]},{"@type":"WebSite","@id":"https:\/\/webambition.fr\/#website","url":"https:\/\/webambition.fr\/","name":"webAmbition","description":"","publisher":{"@id":"https:\/\/webambition.fr\/#\/schema\/person\/5aa95e960cc5cd2547a2181e7c9feb6e"},"alternateName":"WebAmbition \u2013 cr\u00e9ation de sites web","potentialAction":[{"@type":"SearchAction","target":{"@type":"EntryPoint","urlTemplate":"https:\/\/webambition.fr\/?s={search_term_string}"},"query-input":{"@type":"PropertyValueSpecification","valueRequired":true,"valueName":"search_term_string"}}],"inLanguage":"fr-BE"},{"@type":["Person","Organization"],"@id":"https:\/\/webambition.fr\/#\/schema\/person\/5aa95e960cc5cd2547a2181e7c9feb6e","name":"webambition.fr","image":{"@type":"ImageObject","inLanguage":"fr-BE","@id":"https:\/\/webambition.fr\/wp-content\/uploads\/2025\/12\/cropped-cropped-Logo-avec-webmaster-500X500-ecriture-bleu.png","url":"https:\/\/webambition.fr\/wp-content\/uploads\/2025\/12\/cropped-cropped-Logo-avec-webmaster-500X500-ecriture-bleu.png","contentUrl":"https:\/\/webambition.fr\/wp-content\/uploads\/2025\/12\/cropped-cropped-Logo-avec-webmaster-500X500-ecriture-bleu.png","width":500,"height":166,"caption":"webambition.fr"},"logo":{"@id":"https:\/\/webambition.fr\/wp-content\/uploads\/2025\/12\/cropped-cropped-Logo-avec-webmaster-500X500-ecriture-bleu.png"},"sameAs":["https:\/\/webambition.fr"]}]}},"uagb_featured_image_src":{"full":false,"thumbnail":false,"medium":false,"medium_large":false,"large":false,"1536x1536":false,"2048x2048":false,"mailpoet_newsletter_max":false},"uagb_author_info":{"display_name":"webambition.fr","author_link":"https:\/\/webambition.fr\/index.php\/author\/webambition-fr\/"},"uagb_comment_info":0,"uagb_excerpt":"Cr\u00e9ation de site web avec accompagnement humain et structur\u00e9 Site one-page Un site simple et clair pour pr\u00e9senter ton activit\u00e9, [&hellip;]","_links":{"self":[{"href":"https:\/\/webambition.fr\/index.php\/wp-json\/wp\/v2\/pages\/75","targetHints":{"allow":["GET"]}}],"collection":[{"href":"https:\/\/webambition.fr\/index.php\/wp-json\/wp\/v2\/pages"}],"about":[{"href":"https:\/\/webambition.fr\/index.php\/wp-json\/wp\/v2\/types\/page"}],"author":[{"embeddable":true,"href":"https:\/\/webambition.fr\/index.php\/wp-json\/wp\/v2\/users\/1"}],"replies":[{"embeddable":true,"href":"https:\/\/webambition.fr\/index.php\/wp-json\/wp\/v2\/comments?post=75"}],"version-history":[{"count":20,"href":"https:\/\/webambition.fr\/index.php\/wp-json\/wp\/v2\/pages\/75\/revisions"}],"predecessor-version":[{"id":722,"href":"https:\/\/webambition.fr\/index.php\/wp-json\/wp\/v2\/pages\/75\/revisions\/722"}],"wp:attachment":[{"href":"https:\/\/webambition.fr\/index.php\/wp-json\/wp\/v2\/media?parent=75"}],"curies":[{"name":"wp","href":"https:\/\/api.w.org\/{rel}","templated":true}]}}