{"id":76,"date":"2025-12-13T17:21:50","date_gmt":"2025-12-13T16:21:50","guid":{"rendered":"https:\/\/webambition.fr\/?page_id=76"},"modified":"2025-12-28T20:06:37","modified_gmt":"2025-12-28T19:06:37","slug":"site-vitrine","status":"publish","type":"page","link":"https:\/\/webambition.fr\/index.php\/site-vitrine\/","title":{"rendered":"Site Vitrine"},"content":{"rendered":"\n<div class=\"wp-block-uagb-container uagb-block-77aabe89 alignfull uagb-is-root-container\">\n<h1 class=\"wp-block-heading has-text-align-center animated fadeIn delay-100ms slow has-ast-global-color-4-color has-text-color has-link-color wp-elements-159e221d8696acea9a53262fdec78b1c\"><strong>Cr\u00e9er un site vitrine clair et professionnel pour pr\u00e9senter ton activit\u00e9<\/strong><\/h1>\n\n\n\n<p class=\"has-text-align-center has-ast-global-color-4-color has-text-color has-link-color wp-elements-7cb210a9975a75f52266b56423d08fb0\" style=\"line-height:1.4\"><strong>Pour les ind\u00e9pendants et entrepreneurs qui veulent une pr\u00e9sence en ligne cr\u00e9dible, sans complexit\u00e9 inutile.<\/strong><\/p>\n<\/div>\n\n\n\n<h2 class=\"wp-block-heading has-text-align-center animated fadeIn delay-100ms slow has-ast-global-color-0-color has-text-color has-link-color wp-elements-e001e421f1326a06d27eeff0272ea4d7\" style=\"padding-top:var(--wp--preset--spacing--70);padding-bottom:var(--wp--preset--spacing--70)\"><strong>Qu\u2019est-ce qu\u2019un site vitrine ?<\/strong><\/h2>\n\n\n\n<p class=\"has-ast-global-color-0-color has-text-color has-link-color wp-elements-32795e7f699a4ba6bc4bfb6c3aa62968\" style=\"line-height:1.4\">Un site vitrine est un site web qui pr\u00e9sente ton activit\u00e9, tes services et tes informations essentielles.<br>Il permet d\u2019\u00eatre trouv\u00e9 en ligne, de rassurer tes prospects et de centraliser ta communication, sans vendre directement.<\/p>\n\n\n\n<h2 class=\"wp-block-heading has-text-align-center animated fadeIn delay-100ms slow has-ast-global-color-0-color has-text-color has-link-color wp-elements-6458b8d07408bb5d53a51fb11f5e125c\" style=\"padding-top:var(--wp--preset--spacing--70);padding-bottom:var(--wp--preset--spacing--70)\"><strong>Pour qui le site vitrine est-il adapt\u00e9 ?<\/strong><\/h2>\n\n\n\n<p>Entreprise locale<\/p>\n\n\n\n<p class=\"has-ast-global-color-0-color has-text-color has-link-color wp-elements-e6031a2bc7767ec4a25d20cf00491bb1\">Ind\u00e9pendant ou freelance<\/p>\n\n\n\n<p class=\"has-ast-global-color-0-color has-text-color has-link-color wp-elements-3031a9b1d1c4c037044d4c9083ec0599\">Prestataire de services<\/p>\n\n\n\n<p class=\"has-ast-global-color-0-color has-text-color has-link-color wp-elements-d0913d009e959dff8932599815f94556\">Activit\u00e9 qui a besoin d\u2019une pr\u00e9sence professionnelle en ligne<\/p>\n\n\n\n<h2 class=\"wp-block-heading has-text-align-center animated fadeIn delay-100ms slow has-ast-global-color-0-color has-text-color has-link-color wp-elements-8d96f33e1065a5baeefe94068a18bc91\" style=\"margin-top:var(--wp--preset--spacing--80);margin-bottom:var(--wp--preset--spacing--80)\">Ce que le site vitrine permet \/ ne permet pas<\/h2>\n\n\n\n<div style=\"background-image:url(&apos;http:\/\/webambition.fr\/wp-content\/uploads\/2025\/12\/site-vitrine-wordpress-presentation-entreprise.jpg&apos;);background-position:50% 50%;background-size:cover;\" class=\"wp-block-group animated fadeIn delay-500ms slow has-ast-global-color-0-color has-text-color has-link-color has-medium-font-size wp-elements-a6b31e8671d145870e21afc1b7a9d31f is-layout-constrained wp-block-group-is-layout-constrained has-background\">\n<div class=\"wp-block-columns are-vertically-aligned-center has-ast-global-color-0-color has-text-color has-link-color wp-elements-13830b258ac72f9b3d05cf4e8ddaac1f is-layout-flex wp-container-core-columns-is-layout-28f84493 wp-block-columns-is-layout-flex\" style=\"line-height:1.4\">\n<div class=\"wp-block-column is-vertically-aligned-center is-layout-flow wp-block-column-is-layout-flow\">\n<p class=\"has-ast-global-color-0-color has-text-color has-link-color wp-elements-6701b988825269bf477421ea62f6633c\" style=\"line-height:2\">\u2714 \u00catre visible sur Google<br>\u2714 Pr\u00e9senter clairement son activit\u00e9<br>\u2714 Donner confiance avant un premier contact<br>\u2714 Centraliser ses informations importantes<\/p>\n<\/div>\n\n\n\n<div class=\"wp-block-column is-vertically-aligned-center is-layout-flow wp-block-column-is-layout-flow\">\n<p class=\"has-ast-global-color-0-color has-text-color has-link-color wp-elements-679ebde21394a1a49fa1583196260c9e\" style=\"line-height:2\">\u2716 Vendre en ligne directement<br>\u2716 Remplacer un site e-commerce<br>\u2716 G\u00e9n\u00e9rer des clients sans action de ma part<\/p>\n<\/div>\n<\/div>\n<\/div>\n\n\n\n<h3 class=\"wp-block-heading has-text-align-center animated fadeIn delay-100ms slow has-ast-global-color-0-color has-text-color has-link-color wp-elements-bece0129373ec5908eccc0b8878b0a3e\" style=\"padding-top:var(--wp--preset--spacing--80);padding-bottom:var(--wp--preset--spacing--80)\"><strong>Tu veux savoir si un site vitrine est suffisant pour ton activit\u00e9 ?<\/strong><\/h3>\n\n\n\n<div class=\"wp-block-buttons is-content-justification-center is-layout-flex wp-container-core-buttons-is-layout-a89b3969 wp-block-buttons-is-layout-flex\">\n<div class=\"wp-block-button\"><a class=\"wp-block-button__link has-ast-global-color-4-color has-text-color has-link-color wp-element-button\" href=\"https:\/\/webambition.fr\/index.php\/reservation\/\" style=\"padding-top:var(--wp--preset--spacing--40);padding-bottom:var(--wp--preset--spacing--40)\"><strong>R\u00e9server un appel d\u00e9couverte<\/strong><\/a><\/div>\n<\/div>\n","protected":false},"excerpt":{"rendered":"<p>Cr\u00e9er un site vitrine clair et professionnel pour pr\u00e9senter ton activit\u00e9 Pour les ind\u00e9pendants et entrepreneurs qui veulent une pr\u00e9sence [&hellip;]<\/p>\n","protected":false},"author":1,"featured_media":0,"parent":0,"menu_order":0,"comment_status":"closed","ping_status":"closed","template":"","meta":{"_uag_custom_page_level_css":"","site-sidebar-layout":"default","site-content-layout":"","ast-site-content-layout":"default","site-content-style":"default","site-sidebar-style":"default","ast-global-header-display":"","ast-banner-title-visibility":"","ast-main-header-display":"","ast-hfb-above-header-display":"","ast-hfb-below-header-display":"","ast-hfb-mobile-header-display":"","site-post-title":"disabled","ast-breadcrumbs-content":"","ast-featured-img":"","footer-sml-layout":"","ast-disable-related-posts":"","theme-transparent-header-meta":"","adv-header-id-meta":"","stick-header-meta":"","header-above-stick-meta":"","header-main-stick-meta":"","header-below-stick-meta":"","astra-migrate-meta-layouts":"default","ast-page-background-enabled":"default","ast-page-background-meta":{"desktop":{"background-color":"var(--ast-global-color-5)","background-image":"","background-repeat":"repeat","background-position":"center center","background-size":"auto","background-attachment":"scroll","background-type":"","background-media":"","overlay-type":"","overlay-color":"","overlay-opacity":"","overlay-gradient":""},"tablet":{"background-color":"","background-image":"","background-repeat":"repeat","background-position":"center center","background-size":"auto","background-attachment":"scroll","background-type":"","background-media":"","overlay-type":"","overlay-color":"","overlay-opacity":"","overlay-gradient":""},"mobile":{"background-color":"","background-image":"","background-repeat":"repeat","background-position":"center center","background-size":"auto","background-attachment":"scroll","background-type":"","background-media":"","overlay-type":"","overlay-color":"","overlay-opacity":"","overlay-gradient":""}},"ast-content-background-meta":{"desktop":{"background-color":"var(--ast-global-color-4)","background-image":"","background-repeat":"repeat","background-position":"center center","background-size":"auto","background-attachment":"scroll","background-type":"","background-media":"","overlay-type":"","overlay-color":"","overlay-opacity":"","overlay-gradient":""},"tablet":{"background-color":"var(--ast-global-color-4)","background-image":"","background-repeat":"repeat","background-position":"center center","background-size":"auto","background-attachment":"scroll","background-type":"","background-media":"","overlay-type":"","overlay-color":"","overlay-opacity":"","overlay-gradient":""},"mobile":{"background-color":"var(--ast-global-color-4)","background-image":"","background-repeat":"repeat","background-position":"center center","background-size":"auto","background-attachment":"scroll","background-type":"","background-media":"","overlay-type":"","overlay-color":"","overlay-opacity":"","overlay-gradient":""}},"_themeisle_gutenberg_block_has_review":false,"footnotes":""},"class_list":["post-76","page","type-page","status-publish","hentry"],"yoast_head":"<!-- This site is optimized with the Yoast SEO plugin v27.3 - https:\/\/yoast.com\/product\/yoast-seo-wordpress\/ -->\n<title>Cr\u00e9ation de site vitrine WordPress \u2013 WebAmbition<\/title>\n<meta name=\"description\" content=\"Cr\u00e9ation de site vitrine WordPress pour pr\u00e9senter votre activit\u00e9 de mani\u00e8re claire, professionnelle et rassurante.\" \/>\n<meta name=\"robots\" content=\"index, follow, max-snippet:-1, max-image-preview:large, max-video-preview:-1\" \/>\n<link rel=\"canonical\" href=\"https:\/\/webambition.fr\/index.php\/site-vitrine\/\" \/>\n<meta property=\"og:locale\" content=\"fr_FR\" \/>\n<meta property=\"og:type\" content=\"article\" \/>\n<meta property=\"og:title\" content=\"Cr\u00e9ation de site vitrine WordPress\" \/>\n<meta property=\"og:description\" content=\"Un site vitrine WordPress clair et professionnel pour pr\u00e9senter votre activit\u00e9 et inspirer confiance.\" \/>\n<meta property=\"og:url\" content=\"https:\/\/webambition.fr\/index.php\/site-vitrine\/\" \/>\n<meta property=\"og:site_name\" content=\"webambition.fr\" \/>\n<meta property=\"article:modified_time\" content=\"2025-12-28T19:06:37+00:00\" \/>\n<meta property=\"og:image\" content=\"https:\/\/webambition.fr\/wp-content\/uploads\/2025\/12\/cropped-Logo-secondaire-1080X1080-fond-beige-ecriture-bleu-100RVB.jpg\" \/>\n\t<meta property=\"og:image:width\" content=\"512\" \/>\n\t<meta property=\"og:image:height\" content=\"512\" \/>\n\t<meta property=\"og:image:type\" content=\"image\/jpeg\" \/>\n<meta name=\"twitter:card\" content=\"summary_large_image\" \/>\n<meta name=\"twitter:label1\" content=\"Dur\u00e9e de lecture est.\" \/>\n\t<meta name=\"twitter:data1\" content=\"1 minute\" \/>\n<script type=\"application\/ld+json\" class=\"yoast-schema-graph\">{\"@context\":\"https:\\\/\\\/schema.org\",\"@graph\":[{\"@type\":\"WebPage\",\"@id\":\"https:\\\/\\\/webambition.fr\\\/index.php\\\/site-vitrine\\\/\",\"url\":\"https:\\\/\\\/webambition.fr\\\/index.php\\\/site-vitrine\\\/\",\"name\":\"Cr\u00e9ation de site vitrine WordPress \u2013 WebAmbition\",\"isPartOf\":{\"@id\":\"https:\\\/\\\/webambition.fr\\\/#website\"},\"datePublished\":\"2025-12-13T16:21:50+00:00\",\"dateModified\":\"2025-12-28T19:06:37+00:00\",\"description\":\"Cr\u00e9ation de site vitrine WordPress pour pr\u00e9senter votre activit\u00e9 de mani\u00e8re claire, professionnelle et rassurante.\",\"breadcrumb\":{\"@id\":\"https:\\\/\\\/webambition.fr\\\/index.php\\\/site-vitrine\\\/#breadcrumb\"},\"inLanguage\":\"fr-BE\",\"potentialAction\":[{\"@type\":\"ReadAction\",\"target\":[\"https:\\\/\\\/webambition.fr\\\/index.php\\\/site-vitrine\\\/\"]}]},{\"@type\":\"BreadcrumbList\",\"@id\":\"https:\\\/\\\/webambition.fr\\\/index.php\\\/site-vitrine\\\/#breadcrumb\",\"itemListElement\":[{\"@type\":\"ListItem\",\"position\":1,\"name\":\"Accueil\",\"item\":\"https:\\\/\\\/webambition.fr\\\/\"},{\"@type\":\"ListItem\",\"position\":2,\"name\":\"Site Vitrine\"}]},{\"@type\":\"WebSite\",\"@id\":\"https:\\\/\\\/webambition.fr\\\/#website\",\"url\":\"https:\\\/\\\/webambition.fr\\\/\",\"name\":\"webAmbition\",\"description\":\"\",\"publisher\":{\"@id\":\"https:\\\/\\\/webambition.fr\\\/#\\\/schema\\\/person\\\/5aa95e960cc5cd2547a2181e7c9feb6e\"},\"alternateName\":\"WebAmbition \u2013 cr\u00e9ation de sites web\",\"potentialAction\":[{\"@type\":\"SearchAction\",\"target\":{\"@type\":\"EntryPoint\",\"urlTemplate\":\"https:\\\/\\\/webambition.fr\\\/?s={search_term_string}\"},\"query-input\":{\"@type\":\"PropertyValueSpecification\",\"valueRequired\":true,\"valueName\":\"search_term_string\"}}],\"inLanguage\":\"fr-BE\"},{\"@type\":[\"Person\",\"Organization\"],\"@id\":\"https:\\\/\\\/webambition.fr\\\/#\\\/schema\\\/person\\\/5aa95e960cc5cd2547a2181e7c9feb6e\",\"name\":\"webambition.fr\",\"image\":{\"@type\":\"ImageObject\",\"inLanguage\":\"fr-BE\",\"@id\":\"https:\\\/\\\/webambition.fr\\\/wp-content\\\/uploads\\\/2025\\\/12\\\/cropped-cropped-Logo-avec-webmaster-500X500-ecriture-bleu.png\",\"url\":\"https:\\\/\\\/webambition.fr\\\/wp-content\\\/uploads\\\/2025\\\/12\\\/cropped-cropped-Logo-avec-webmaster-500X500-ecriture-bleu.png\",\"contentUrl\":\"https:\\\/\\\/webambition.fr\\\/wp-content\\\/uploads\\\/2025\\\/12\\\/cropped-cropped-Logo-avec-webmaster-500X500-ecriture-bleu.png\",\"width\":500,\"height\":166,\"caption\":\"webambition.fr\"},\"logo\":{\"@id\":\"https:\\\/\\\/webambition.fr\\\/wp-content\\\/uploads\\\/2025\\\/12\\\/cropped-cropped-Logo-avec-webmaster-500X500-ecriture-bleu.png\"},\"sameAs\":[\"https:\\\/\\\/webambition.fr\"]}]}<\/script>\n<!-- \/ Yoast SEO plugin. -->","yoast_head_json":{"title":"Cr\u00e9ation de site vitrine WordPress \u2013 WebAmbition","description":"Cr\u00e9ation de site vitrine WordPress pour pr\u00e9senter votre activit\u00e9 de mani\u00e8re claire, professionnelle et rassurante.","robots":{"index":"index","follow":"follow","max-snippet":"max-snippet:-1","max-image-preview":"max-image-preview:large","max-video-preview":"max-video-preview:-1"},"canonical":"https:\/\/webambition.fr\/index.php\/site-vitrine\/","og_locale":"fr_FR","og_type":"article","og_title":"Cr\u00e9ation de site vitrine WordPress","og_description":"Un site vitrine WordPress clair et professionnel pour pr\u00e9senter votre activit\u00e9 et inspirer confiance.","og_url":"https:\/\/webambition.fr\/index.php\/site-vitrine\/","og_site_name":"webambition.fr","article_modified_time":"2025-12-28T19:06:37+00:00","og_image":[{"width":512,"height":512,"url":"https:\/\/webambition.fr\/wp-content\/uploads\/2025\/12\/cropped-Logo-secondaire-1080X1080-fond-beige-ecriture-bleu-100RVB.jpg","type":"image\/jpeg"}],"twitter_card":"summary_large_image","twitter_misc":{"Dur\u00e9e de lecture est.":"1 minute"},"schema":{"@context":"https:\/\/schema.org","@graph":[{"@type":"WebPage","@id":"https:\/\/webambition.fr\/index.php\/site-vitrine\/","url":"https:\/\/webambition.fr\/index.php\/site-vitrine\/","name":"Cr\u00e9ation de site vitrine WordPress \u2013 WebAmbition","isPartOf":{"@id":"https:\/\/webambition.fr\/#website"},"datePublished":"2025-12-13T16:21:50+00:00","dateModified":"2025-12-28T19:06:37+00:00","description":"Cr\u00e9ation de site vitrine WordPress pour pr\u00e9senter votre activit\u00e9 de mani\u00e8re claire, professionnelle et rassurante.","breadcrumb":{"@id":"https:\/\/webambition.fr\/index.php\/site-vitrine\/#breadcrumb"},"inLanguage":"fr-BE","potentialAction":[{"@type":"ReadAction","target":["https:\/\/webambition.fr\/index.php\/site-vitrine\/"]}]},{"@type":"BreadcrumbList","@id":"https:\/\/webambition.fr\/index.php\/site-vitrine\/#breadcrumb","itemListElement":[{"@type":"ListItem","position":1,"name":"Accueil","item":"https:\/\/webambition.fr\/"},{"@type":"ListItem","position":2,"name":"Site Vitrine"}]},{"@type":"WebSite","@id":"https:\/\/webambition.fr\/#website","url":"https:\/\/webambition.fr\/","name":"webAmbition","description":"","publisher":{"@id":"https:\/\/webambition.fr\/#\/schema\/person\/5aa95e960cc5cd2547a2181e7c9feb6e"},"alternateName":"WebAmbition \u2013 cr\u00e9ation de sites web","potentialAction":[{"@type":"SearchAction","target":{"@type":"EntryPoint","urlTemplate":"https:\/\/webambition.fr\/?s={search_term_string}"},"query-input":{"@type":"PropertyValueSpecification","valueRequired":true,"valueName":"search_term_string"}}],"inLanguage":"fr-BE"},{"@type":["Person","Organization"],"@id":"https:\/\/webambition.fr\/#\/schema\/person\/5aa95e960cc5cd2547a2181e7c9feb6e","name":"webambition.fr","image":{"@type":"ImageObject","inLanguage":"fr-BE","@id":"https:\/\/webambition.fr\/wp-content\/uploads\/2025\/12\/cropped-cropped-Logo-avec-webmaster-500X500-ecriture-bleu.png","url":"https:\/\/webambition.fr\/wp-content\/uploads\/2025\/12\/cropped-cropped-Logo-avec-webmaster-500X500-ecriture-bleu.png","contentUrl":"https:\/\/webambition.fr\/wp-content\/uploads\/2025\/12\/cropped-cropped-Logo-avec-webmaster-500X500-ecriture-bleu.png","width":500,"height":166,"caption":"webambition.fr"},"logo":{"@id":"https:\/\/webambition.fr\/wp-content\/uploads\/2025\/12\/cropped-cropped-Logo-avec-webmaster-500X500-ecriture-bleu.png"},"sameAs":["https:\/\/webambition.fr"]}]}},"uagb_featured_image_src":{"full":false,"thumbnail":false,"medium":false,"medium_large":false,"large":false,"1536x1536":false,"2048x2048":false,"mailpoet_newsletter_max":false},"uagb_author_info":{"display_name":"webambition.fr","author_link":"https:\/\/webambition.fr\/index.php\/author\/webambition-fr\/"},"uagb_comment_info":0,"uagb_excerpt":"Cr\u00e9er un site vitrine clair et professionnel pour pr\u00e9senter ton activit\u00e9 Pour les ind\u00e9pendants et entrepreneurs qui veulent une pr\u00e9sence [&hellip;]","_links":{"self":[{"href":"https:\/\/webambition.fr\/index.php\/wp-json\/wp\/v2\/pages\/76","targetHints":{"allow":["GET"]}}],"collection":[{"href":"https:\/\/webambition.fr\/index.php\/wp-json\/wp\/v2\/pages"}],"about":[{"href":"https:\/\/webambition.fr\/index.php\/wp-json\/wp\/v2\/types\/page"}],"author":[{"embeddable":true,"href":"https:\/\/webambition.fr\/index.php\/wp-json\/wp\/v2\/users\/1"}],"replies":[{"embeddable":true,"href":"https:\/\/webambition.fr\/index.php\/wp-json\/wp\/v2\/comments?post=76"}],"version-history":[{"count":15,"href":"https:\/\/webambition.fr\/index.php\/wp-json\/wp\/v2\/pages\/76\/revisions"}],"predecessor-version":[{"id":737,"href":"https:\/\/webambition.fr\/index.php\/wp-json\/wp\/v2\/pages\/76\/revisions\/737"}],"wp:attachment":[{"href":"https:\/\/webambition.fr\/index.php\/wp-json\/wp\/v2\/media?parent=76"}],"curies":[{"name":"wp","href":"https:\/\/api.w.org\/{rel}","templated":true}]}}