{"id":77,"date":"2025-12-13T17:21:50","date_gmt":"2025-12-13T16:21:50","guid":{"rendered":"https:\/\/webambition.fr\/?page_id=77"},"modified":"2025-12-28T17:52:55","modified_gmt":"2025-12-28T16:52:55","slug":"one-page","status":"publish","type":"page","link":"https:\/\/webambition.fr\/index.php\/one-page\/","title":{"rendered":"One-page"},"content":{"rendered":"\n<div class=\"wp-block-uagb-container uagb-block-0654e8fa alignfull uagb-is-root-container\">\n<blockquote class=\"wp-block-quote is-layout-flow wp-block-quote-is-layout-flow\">\n<h1 class=\"wp-block-heading has-text-align-center animated fadeIn delay-100ms slow has-ast-global-color-0-color has-text-color has-link-color wp-elements-5de909a3924b2ac5d867257e8fdb82b1\"><strong>Cr\u00e9ation de site one-page clair et professionnel<\/strong><\/h1>\n<\/blockquote>\n<\/div>\n\n\n\n<h2 class=\"wp-block-heading has-text-align-center animated fadeIn delay-200ms slow has-ast-global-color-0-color has-text-color has-link-color wp-elements-c419a287486b0a04c5968720a1c78400\" style=\"padding-top:var(--wp--preset--spacing--70);padding-bottom:var(--wp--preset--spacing--70)\"><strong>Qu\u2019est-ce qu\u2019un site one-page ?<\/strong><\/h2>\n\n\n\n<p class=\"has-ast-global-color-0-color has-text-color has-link-color wp-elements-1006f36e27278e9c9fe96d14263e3236\" style=\"line-height:1.4\">Un site one-page est un site web qui pr\u00e9sente l\u2019essentiel de ton activit\u00e9 sur une seule page.<br>Il permet d\u2019expliquer clairement ce que tu fais, \u00e0 qui tu t\u2019adresses et comment te contacter.<br>C\u2019est une solution simple, rapide et efficace pour d\u00e9marrer une pr\u00e9sence en ligne professionnelle.<\/p>\n\n\n\n<h2 class=\"wp-block-heading has-text-align-center animated fadeIn delay-200ms slow has-ast-global-color-0-color has-text-color has-link-color wp-elements-e79876c8ceac3ead1daf6c9ae3a14c20\" style=\"padding-top:var(--wp--preset--spacing--60);padding-bottom:var(--wp--preset--spacing--60)\"><strong>Pour qui un site one-page est-il adapt\u00e9 ?<\/strong><\/h2>\n\n\n\n<p class=\"has-ast-global-color-0-color has-text-color has-link-color wp-elements-e6031a2bc7767ec4a25d20cf00491bb1\">Ind\u00e9pendant ou freelance<\/p>\n\n\n\n<p class=\"has-ast-global-color-0-color has-text-color has-link-color wp-elements-4c61b0011941dafd0b00f2971ad2b10b\">Petit projet ou activit\u00e9 en lancement<\/p>\n\n\n\n<p class=\"has-ast-global-color-0-color has-text-color has-link-color wp-elements-3031a9b1d1c4c037044d4c9083ec0599\">Prestataire de services<\/p>\n\n\n\n<p class=\"has-ast-global-color-0-color has-text-color has-link-color wp-elements-45713767e66d0e1ac341e2d66642a528\">Activit\u00e9 qui a besoin d\u2019\u00eatre visible et cr\u00e9dible en ligne<\/p>\n\n\n<style>.kb-row-layout-wrap.wp-block-kadence-rowlayout.kb-row-layout-id77_a7d289-58{margin-top:var(--global-kb-spacing-lg, 3rem);margin-bottom:var(--global-kb-spacing-lg, 3rem);}.kb-row-layout-id77_a7d289-58 > .kt-row-column-wrap{align-content:center;}:where(.kb-row-layout-id77_a7d289-58 > .kt-row-column-wrap) > .wp-block-kadence-column{justify-content:center;}.kb-row-layout-id77_a7d289-58 > .kt-row-column-wrap{column-gap:var(--global-kb-gap-md, 2rem);row-gap:var(--global-kb-gap-md, 2rem);padding-top:var(--global-kb-spacing-sm, 1.5rem);padding-bottom:var(--global-kb-spacing-sm, 1.5rem);min-height:600px;grid-template-columns:repeat(2, minmax(0, 1fr));}.kb-row-layout-id77_a7d289-58 > .kt-row-layout-overlay{opacity:0.30;background:linear-gradient(135deg,rgb(6,147,227) 18%,var(--ast-global-color-6) 47%,rgb(20,39,109) 86%);}@media all and (max-width: 1024px){.kb-row-layout-id77_a7d289-58 > .kt-row-column-wrap{grid-template-columns:repeat(2, minmax(0, 1fr));}}@media all and (max-width: 767px){.kb-row-layout-id77_a7d289-58 > .kt-row-column-wrap{grid-template-columns:minmax(0, 1fr);}}<\/style><div class=\"kb-row-layout-wrap kb-row-layout-id77_a7d289-58 alignnone kt-row-has-bg animated fadeIn delay-500ms slow wp-block-kadence-rowlayout\"><div class=\"kt-blocks-carousel kb-blocks-bg-slider kt-carousel-container-dotstyle-dark\"><div class=\"kt-blocks-carousel-init splide kb-blocks-bg-slider-init kt-carousel-arrowstyle-none kt-carousel-dotstyle-dark\" data-slider-anim-speed=\"400\" data-slider-type=\"slider\" data-slider-scroll=\"1\" data-slider-arrows=\"false\" data-slider-fade=\"true\" data-slider-dots=\"true\" data-slider-hover-pause=\"false\" data-slider-auto=\"true\" data-slider-speed=\"7000\" data-show-pause-button=\"false\"><div class=\"splide__track\"><ul class=\"splide__list\"><li class=\"splide__slide kb-bg-slide-contain\"><div  class=\"kb-bg-slide kb-bg-slide-0\" style=\"background-color:var(--ast-global-color-8); background-image:url(http:\/\/webambition.fr\/wp-content\/uploads\/2025\/12\/site-one-page-wordpress-presentation-activite-scaled.jpg); background-size:cover; background-position:right center; background-repeat:no-repeat;\"><\/div><\/li><\/ul><\/div><\/div><\/div><div class=\"kt-row-layout-overlay kt-row-overlay-gradient\"><\/div><div class=\"kt-row-column-wrap kt-has-2-columns kt-row-layout-equal kt-tab-layout-inherit kt-mobile-layout-row kt-row-valign-middle\">\n<style>.kadence-column77_8642b6-2d > .kt-inside-inner-col{display:flex;}.kadence-column77_8642b6-2d > .kt-inside-inner-col,.kadence-column77_8642b6-2d > .kt-inside-inner-col:before{border-top-left-radius:0px;border-top-right-radius:0px;border-bottom-right-radius:0px;border-bottom-left-radius:0px;}.kadence-column77_8642b6-2d > .kt-inside-inner-col{column-gap:var(--global-kb-gap-sm, 1rem);}.kadence-column77_8642b6-2d > .kt-inside-inner-col{flex-direction:column;justify-content:center;align-items:flex-start;}.kadence-column77_8642b6-2d > .kt-inside-inner-col > .kb-image-is-ratio-size{align-self:stretch;}.kadence-column77_8642b6-2d > .kt-inside-inner-col > .wp-block-kadence-advancedgallery{align-self:stretch;}.kadence-column77_8642b6-2d > .kt-inside-inner-col > .aligncenter{width:100%;}.kt-row-column-wrap > .kadence-column77_8642b6-2d{align-self:center;}.kt-inner-column-height-full:not(.kt-has-1-columns) > .wp-block-kadence-column.kadence-column77_8642b6-2d{align-self:auto;}.kt-inner-column-height-full:not(.kt-has-1-columns) > .wp-block-kadence-column.kadence-column77_8642b6-2d > .kt-inside-inner-col{flex-direction:column;justify-content:center;}.kadence-column77_8642b6-2d > .kt-inside-inner-col:before{opacity:0.3;}.kadence-column77_8642b6-2d{position:relative;}@media all and (max-width: 1024px){.kt-row-column-wrap > .kadence-column77_8642b6-2d{align-self:center;}}@media all and (max-width: 1024px){.kt-inner-column-height-full:not(.kt-has-1-columns) > .wp-block-kadence-column.kadence-column77_8642b6-2d{align-self:auto;}}@media all and (max-width: 1024px){.kt-inner-column-height-full:not(.kt-has-1-columns) > .wp-block-kadence-column.kadence-column77_8642b6-2d > .kt-inside-inner-col{flex-direction:column;justify-content:center;}}@media all and (max-width: 1024px){.kadence-column77_8642b6-2d > .kt-inside-inner-col{flex-direction:column;justify-content:center;align-items:flex-start;}}@media all and (max-width: 767px){.kt-row-column-wrap > .kadence-column77_8642b6-2d{align-self:center;}.kt-inner-column-height-full:not(.kt-has-1-columns) > .wp-block-kadence-column.kadence-column77_8642b6-2d{align-self:auto;}.kt-inner-column-height-full:not(.kt-has-1-columns) > .wp-block-kadence-column.kadence-column77_8642b6-2d > .kt-inside-inner-col{flex-direction:column;justify-content:center;}.kadence-column77_8642b6-2d > .kt-inside-inner-col{flex-direction:column;justify-content:center;align-items:flex-start;}}<\/style>\n<div class=\"wp-block-kadence-column kadence-column77_8642b6-2d\"><div class=\"kt-inside-inner-col\">\n<h3 class=\"wp-block-heading has-text-align-center\">\u2714<strong> Permet<\/strong><\/h3>\n\n\n\n<ul class=\"wp-block-list has-ast-global-color-2-color has-text-color has-link-color has-medium-font-size wp-elements-083078f53ef9357fb0564deb6da750c0\">\n<li class=\"has-ast-global-color-2-color has-text-color has-link-color wp-elements-18d6af4970aede5500d050996fee30cc\" style=\"line-height:3\"><strong>\u00catre visible sur Google<\/strong><\/li>\n\n\n\n<li class=\"has-ast-global-color-2-color has-text-color has-link-color wp-elements-4ed92de242604258bb6a3cf00f1b9d5f\" style=\"line-height:2\"><strong>Pr\u00e9senter clairement son activit\u00e9<\/strong><\/li>\n\n\n\n<li class=\"has-ast-global-color-2-color has-text-color has-link-color wp-elements-25215e3116f9b5c66789da80559fd9e9\" style=\"line-height:2\"><strong>Donner confiance d\u00e8s le premier contact<\/strong><\/li>\n\n\n\n<li class=\"has-ast-global-color-2-color has-text-color has-link-color wp-elements-780555a2f6fe64ffc326722733812829\" style=\"line-height:2\"><strong>Centraliser les informations importantes<\/strong><\/li>\n\n\n\n<li class=\"has-ast-global-color-2-color has-text-color has-link-color wp-elements-6739dc332398ea7c1b3ee80140246163\" style=\"line-height:2\"><strong>Rediriger vers un formulaire ou une r\u00e9servation<\/strong><\/li>\n<\/ul>\n<\/div><\/div>\n\n\n<style>.kadence-column77_cac5d6-7c > .kt-inside-inner-col,.kadence-column77_cac5d6-7c > .kt-inside-inner-col:before{border-top-left-radius:0px;border-top-right-radius:0px;border-bottom-right-radius:0px;border-bottom-left-radius:0px;}.kadence-column77_cac5d6-7c > .kt-inside-inner-col{column-gap:var(--global-kb-gap-sm, 1rem);}.kadence-column77_cac5d6-7c > .kt-inside-inner-col{flex-direction:column;}.kadence-column77_cac5d6-7c > .kt-inside-inner-col > .aligncenter{width:100%;}.kadence-column77_cac5d6-7c > .kt-inside-inner-col:before{opacity:0.3;}.kadence-column77_cac5d6-7c{position:relative;}@media all and (max-width: 1024px){.kadence-column77_cac5d6-7c > .kt-inside-inner-col{flex-direction:column;justify-content:center;}}@media all and (max-width: 767px){.kadence-column77_cac5d6-7c > .kt-inside-inner-col{flex-direction:column;justify-content:center;}}<\/style>\n<div class=\"wp-block-kadence-column kadence-column77_cac5d6-7c\"><div class=\"kt-inside-inner-col\">\n<h3 class=\"wp-block-heading\">\u2718<strong> Ne permet pas<\/strong><\/h3>\n\n\n\n<ul class=\"wp-block-list\">\n<li style=\"line-height:3\"><strong>Vendre en ligne directement<\/strong><\/li>\n\n\n\n<li style=\"line-height:2\"><strong>Remplacer un site e-commerce<\/strong><\/li>\n\n\n\n<li style=\"line-height:2\"><strong>G\u00e9rer beaucoup de contenus ou de pages<\/strong><\/li>\n\n\n\n<li style=\"line-height:2\"><strong>Se passer d\u2019une vraie d\u00e9marche commerciale<\/strong><\/li>\n<\/ul>\n<\/div><\/div>\n\n<\/div><\/div>\n\n\n<h2 class=\"wp-block-heading has-text-align-center animated fadeIn delay-100ms slow has-ast-global-color-0-color has-text-color has-link-color wp-elements-8076b47e96f91cf748de68ca5b1ad70a\"><strong>Un site one-page suffit-il pour ton projet ?<\/strong><\/h2>\n\n\n\n<p class=\"has-ast-global-color-0-color has-text-color has-link-color wp-elements-725b368dea160b3fc0fd87cebc4fffed\" style=\"line-height:1.4\">Tout d\u00e9pend de ton activit\u00e9, de tes objectifs et de ton stade d\u2019avancement.<br>Un \u00e9change permet de v\u00e9rifier si cette solution est suffisante ou s\u2019il vaut mieux pr\u00e9voir autre chose.<\/p>\n\n\n\n<h3 class=\"wp-block-heading has-text-align-center animated fadeIn delay-200ms slow has-ast-global-color-0-color has-text-color has-link-color wp-elements-21a00c94779f62b949c66f643dd1c450\" style=\"margin-top:var(--wp--preset--spacing--70);margin-bottom:var(--wp--preset--spacing--70);padding-top:var(--wp--preset--spacing--50);padding-bottom:var(--wp--preset--spacing--50)\"><strong>Parlons de ton projet et voyons ensemble ce qui est le plus adapt\u00e9.<\/strong><\/h3>\n\n\n\n<div class=\"wp-block-buttons is-content-justification-center is-layout-flex wp-container-core-buttons-is-layout-a89b3969 wp-block-buttons-is-layout-flex\">\n<div class=\"wp-block-button has-custom-width wp-block-button__width-50\"><a class=\"wp-block-button__link wp-element-button\" href=\"https:\/\/webambition.fr\/index.php\/reservation\/\"><strong>R\u00e9server un appe<\/strong>l d\u00e9couverte<\/a><\/div>\n<\/div>\n","protected":false},"excerpt":{"rendered":"<p>Cr\u00e9ation de site one-page clair et professionnel Qu\u2019est-ce qu\u2019un site one-page ? Un site one-page est un site web qui [&hellip;]<\/p>\n","protected":false},"author":1,"featured_media":0,"parent":0,"menu_order":0,"comment_status":"closed","ping_status":"closed","template":"","meta":{"_uag_custom_page_level_css":"","site-sidebar-layout":"default","site-content-layout":"","ast-site-content-layout":"default","site-content-style":"default","site-sidebar-style":"default","ast-global-header-display":"","ast-banner-title-visibility":"","ast-main-header-display":"","ast-hfb-above-header-display":"","ast-hfb-below-header-display":"","ast-hfb-mobile-header-display":"","site-post-title":"disabled","ast-breadcrumbs-content":"","ast-featured-img":"","footer-sml-layout":"","ast-disable-related-posts":"","theme-transparent-header-meta":"","adv-header-id-meta":"","stick-header-meta":"","header-above-stick-meta":"","header-main-stick-meta":"","header-below-stick-meta":"","astra-migrate-meta-layouts":"default","ast-page-background-enabled":"default","ast-page-background-meta":{"desktop":{"background-color":"var(--ast-global-color-5)","background-image":"","background-repeat":"repeat","background-position":"center center","background-size":"auto","background-attachment":"scroll","background-type":"","background-media":"","overlay-type":"","overlay-color":"","overlay-opacity":"","overlay-gradient":""},"tablet":{"background-color":"","background-image":"","background-repeat":"repeat","background-position":"center center","background-size":"auto","background-attachment":"scroll","background-type":"","background-media":"","overlay-type":"","overlay-color":"","overlay-opacity":"","overlay-gradient":""},"mobile":{"background-color":"","background-image":"","background-repeat":"repeat","background-position":"center center","background-size":"auto","background-attachment":"scroll","background-type":"","background-media":"","overlay-type":"","overlay-color":"","overlay-opacity":"","overlay-gradient":""}},"ast-content-background-meta":{"desktop":{"background-color":"var(--ast-global-color-4)","background-image":"","background-repeat":"repeat","background-position":"center center","background-size":"auto","background-attachment":"scroll","background-type":"","background-media":"","overlay-type":"","overlay-color":"","overlay-opacity":"","overlay-gradient":""},"tablet":{"background-color":"var(--ast-global-color-4)","background-image":"","background-repeat":"repeat","background-position":"center center","background-size":"auto","background-attachment":"scroll","background-type":"","background-media":"","overlay-type":"","overlay-color":"","overlay-opacity":"","overlay-gradient":""},"mobile":{"background-color":"var(--ast-global-color-4)","background-image":"","background-repeat":"repeat","background-position":"center center","background-size":"auto","background-attachment":"scroll","background-type":"","background-media":"","overlay-type":"","overlay-color":"","overlay-opacity":"","overlay-gradient":""}},"_themeisle_gutenberg_block_has_review":false,"footnotes":""},"class_list":["post-77","page","type-page","status-publish","hentry"],"yoast_head":"<!-- This site is optimized with the Yoast SEO plugin v27.3 - https:\/\/yoast.com\/product\/yoast-seo-wordpress\/ -->\n<title>Site one page WordPress \u2013 WebAmbition<\/title>\n<meta name=\"description\" content=\"Cr\u00e9ation de site one page WordPress pour pr\u00e9senter votre activit\u00e9 de fa\u00e7on claire, efficace et professionnelle.\" \/>\n<meta name=\"robots\" content=\"index, follow, max-snippet:-1, max-image-preview:large, max-video-preview:-1\" \/>\n<link rel=\"canonical\" href=\"https:\/\/webambition.fr\/index.php\/one-page\/\" \/>\n<meta property=\"og:locale\" content=\"fr_FR\" \/>\n<meta property=\"og:type\" content=\"article\" \/>\n<meta property=\"og:title\" content=\"Site one page WordPress\" \/>\n<meta property=\"og:description\" content=\"Une solution simple et efficace pour pr\u00e9senter votre activit\u00e9 avec un site one page professionnel.\" \/>\n<meta property=\"og:url\" content=\"https:\/\/webambition.fr\/index.php\/one-page\/\" \/>\n<meta property=\"og:site_name\" content=\"webambition.fr\" \/>\n<meta property=\"article:modified_time\" content=\"2025-12-28T16:52:55+00:00\" \/>\n<meta property=\"og:image\" content=\"https:\/\/webambition.fr\/wp-content\/uploads\/2025\/12\/cropped-Logo-secondaire-1080X1080-fond-beige-ecriture-bleu-100RVB.jpg\" \/>\n\t<meta property=\"og:image:width\" content=\"512\" \/>\n\t<meta property=\"og:image:height\" content=\"512\" \/>\n\t<meta property=\"og:image:type\" content=\"image\/jpeg\" \/>\n<meta name=\"twitter:card\" content=\"summary_large_image\" \/>\n<meta name=\"twitter:label1\" content=\"Dur\u00e9e de lecture est.\" \/>\n\t<meta name=\"twitter:data1\" content=\"1 minute\" \/>\n<script type=\"application\/ld+json\" class=\"yoast-schema-graph\">{\"@context\":\"https:\\\/\\\/schema.org\",\"@graph\":[{\"@type\":\"WebPage\",\"@id\":\"https:\\\/\\\/webambition.fr\\\/index.php\\\/one-page\\\/\",\"url\":\"https:\\\/\\\/webambition.fr\\\/index.php\\\/one-page\\\/\",\"name\":\"Site one page WordPress \u2013 WebAmbition\",\"isPartOf\":{\"@id\":\"https:\\\/\\\/webambition.fr\\\/#website\"},\"datePublished\":\"2025-12-13T16:21:50+00:00\",\"dateModified\":\"2025-12-28T16:52:55+00:00\",\"description\":\"Cr\u00e9ation de site one page WordPress pour pr\u00e9senter votre activit\u00e9 de fa\u00e7on claire, efficace et professionnelle.\",\"breadcrumb\":{\"@id\":\"https:\\\/\\\/webambition.fr\\\/index.php\\\/one-page\\\/#breadcrumb\"},\"inLanguage\":\"fr-BE\",\"potentialAction\":[{\"@type\":\"ReadAction\",\"target\":[\"https:\\\/\\\/webambition.fr\\\/index.php\\\/one-page\\\/\"]}]},{\"@type\":\"BreadcrumbList\",\"@id\":\"https:\\\/\\\/webambition.fr\\\/index.php\\\/one-page\\\/#breadcrumb\",\"itemListElement\":[{\"@type\":\"ListItem\",\"position\":1,\"name\":\"Accueil\",\"item\":\"https:\\\/\\\/webambition.fr\\\/\"},{\"@type\":\"ListItem\",\"position\":2,\"name\":\"One-page\"}]},{\"@type\":\"WebSite\",\"@id\":\"https:\\\/\\\/webambition.fr\\\/#website\",\"url\":\"https:\\\/\\\/webambition.fr\\\/\",\"name\":\"webAmbition\",\"description\":\"\",\"publisher\":{\"@id\":\"https:\\\/\\\/webambition.fr\\\/#\\\/schema\\\/person\\\/5aa95e960cc5cd2547a2181e7c9feb6e\"},\"alternateName\":\"WebAmbition \u2013 cr\u00e9ation de sites web\",\"potentialAction\":[{\"@type\":\"SearchAction\",\"target\":{\"@type\":\"EntryPoint\",\"urlTemplate\":\"https:\\\/\\\/webambition.fr\\\/?s={search_term_string}\"},\"query-input\":{\"@type\":\"PropertyValueSpecification\",\"valueRequired\":true,\"valueName\":\"search_term_string\"}}],\"inLanguage\":\"fr-BE\"},{\"@type\":[\"Person\",\"Organization\"],\"@id\":\"https:\\\/\\\/webambition.fr\\\/#\\\/schema\\\/person\\\/5aa95e960cc5cd2547a2181e7c9feb6e\",\"name\":\"webambition.fr\",\"image\":{\"@type\":\"ImageObject\",\"inLanguage\":\"fr-BE\",\"@id\":\"https:\\\/\\\/webambition.fr\\\/wp-content\\\/uploads\\\/2025\\\/12\\\/cropped-cropped-Logo-avec-webmaster-500X500-ecriture-bleu.png\",\"url\":\"https:\\\/\\\/webambition.fr\\\/wp-content\\\/uploads\\\/2025\\\/12\\\/cropped-cropped-Logo-avec-webmaster-500X500-ecriture-bleu.png\",\"contentUrl\":\"https:\\\/\\\/webambition.fr\\\/wp-content\\\/uploads\\\/2025\\\/12\\\/cropped-cropped-Logo-avec-webmaster-500X500-ecriture-bleu.png\",\"width\":500,\"height\":166,\"caption\":\"webambition.fr\"},\"logo\":{\"@id\":\"https:\\\/\\\/webambition.fr\\\/wp-content\\\/uploads\\\/2025\\\/12\\\/cropped-cropped-Logo-avec-webmaster-500X500-ecriture-bleu.png\"},\"sameAs\":[\"https:\\\/\\\/webambition.fr\"]}]}<\/script>\n<!-- \/ Yoast SEO plugin. -->","yoast_head_json":{"title":"Site one page WordPress \u2013 WebAmbition","description":"Cr\u00e9ation de site one page WordPress pour pr\u00e9senter votre activit\u00e9 de fa\u00e7on claire, efficace et professionnelle.","robots":{"index":"index","follow":"follow","max-snippet":"max-snippet:-1","max-image-preview":"max-image-preview:large","max-video-preview":"max-video-preview:-1"},"canonical":"https:\/\/webambition.fr\/index.php\/one-page\/","og_locale":"fr_FR","og_type":"article","og_title":"Site one page WordPress","og_description":"Une solution simple et efficace pour pr\u00e9senter votre activit\u00e9 avec un site one page professionnel.","og_url":"https:\/\/webambition.fr\/index.php\/one-page\/","og_site_name":"webambition.fr","article_modified_time":"2025-12-28T16:52:55+00:00","og_image":[{"width":512,"height":512,"url":"https:\/\/webambition.fr\/wp-content\/uploads\/2025\/12\/cropped-Logo-secondaire-1080X1080-fond-beige-ecriture-bleu-100RVB.jpg","type":"image\/jpeg"}],"twitter_card":"summary_large_image","twitter_misc":{"Dur\u00e9e de lecture est.":"1 minute"},"schema":{"@context":"https:\/\/schema.org","@graph":[{"@type":"WebPage","@id":"https:\/\/webambition.fr\/index.php\/one-page\/","url":"https:\/\/webambition.fr\/index.php\/one-page\/","name":"Site one page WordPress \u2013 WebAmbition","isPartOf":{"@id":"https:\/\/webambition.fr\/#website"},"datePublished":"2025-12-13T16:21:50+00:00","dateModified":"2025-12-28T16:52:55+00:00","description":"Cr\u00e9ation de site one page WordPress pour pr\u00e9senter votre activit\u00e9 de fa\u00e7on claire, efficace et professionnelle.","breadcrumb":{"@id":"https:\/\/webambition.fr\/index.php\/one-page\/#breadcrumb"},"inLanguage":"fr-BE","potentialAction":[{"@type":"ReadAction","target":["https:\/\/webambition.fr\/index.php\/one-page\/"]}]},{"@type":"BreadcrumbList","@id":"https:\/\/webambition.fr\/index.php\/one-page\/#breadcrumb","itemListElement":[{"@type":"ListItem","position":1,"name":"Accueil","item":"https:\/\/webambition.fr\/"},{"@type":"ListItem","position":2,"name":"One-page"}]},{"@type":"WebSite","@id":"https:\/\/webambition.fr\/#website","url":"https:\/\/webambition.fr\/","name":"webAmbition","description":"","publisher":{"@id":"https:\/\/webambition.fr\/#\/schema\/person\/5aa95e960cc5cd2547a2181e7c9feb6e"},"alternateName":"WebAmbition \u2013 cr\u00e9ation de sites web","potentialAction":[{"@type":"SearchAction","target":{"@type":"EntryPoint","urlTemplate":"https:\/\/webambition.fr\/?s={search_term_string}"},"query-input":{"@type":"PropertyValueSpecification","valueRequired":true,"valueName":"search_term_string"}}],"inLanguage":"fr-BE"},{"@type":["Person","Organization"],"@id":"https:\/\/webambition.fr\/#\/schema\/person\/5aa95e960cc5cd2547a2181e7c9feb6e","name":"webambition.fr","image":{"@type":"ImageObject","inLanguage":"fr-BE","@id":"https:\/\/webambition.fr\/wp-content\/uploads\/2025\/12\/cropped-cropped-Logo-avec-webmaster-500X500-ecriture-bleu.png","url":"https:\/\/webambition.fr\/wp-content\/uploads\/2025\/12\/cropped-cropped-Logo-avec-webmaster-500X500-ecriture-bleu.png","contentUrl":"https:\/\/webambition.fr\/wp-content\/uploads\/2025\/12\/cropped-cropped-Logo-avec-webmaster-500X500-ecriture-bleu.png","width":500,"height":166,"caption":"webambition.fr"},"logo":{"@id":"https:\/\/webambition.fr\/wp-content\/uploads\/2025\/12\/cropped-cropped-Logo-avec-webmaster-500X500-ecriture-bleu.png"},"sameAs":["https:\/\/webambition.fr"]}]}},"uagb_featured_image_src":{"full":false,"thumbnail":false,"medium":false,"medium_large":false,"large":false,"1536x1536":false,"2048x2048":false,"mailpoet_newsletter_max":false},"uagb_author_info":{"display_name":"webambition.fr","author_link":"https:\/\/webambition.fr\/index.php\/author\/webambition-fr\/"},"uagb_comment_info":0,"uagb_excerpt":"Cr\u00e9ation de site one-page clair et professionnel Qu\u2019est-ce qu\u2019un site one-page ? Un site one-page est un site web qui [&hellip;]","_links":{"self":[{"href":"https:\/\/webambition.fr\/index.php\/wp-json\/wp\/v2\/pages\/77","targetHints":{"allow":["GET"]}}],"collection":[{"href":"https:\/\/webambition.fr\/index.php\/wp-json\/wp\/v2\/pages"}],"about":[{"href":"https:\/\/webambition.fr\/index.php\/wp-json\/wp\/v2\/types\/page"}],"author":[{"embeddable":true,"href":"https:\/\/webambition.fr\/index.php\/wp-json\/wp\/v2\/users\/1"}],"replies":[{"embeddable":true,"href":"https:\/\/webambition.fr\/index.php\/wp-json\/wp\/v2\/comments?post=77"}],"version-history":[{"count":25,"href":"https:\/\/webambition.fr\/index.php\/wp-json\/wp\/v2\/pages\/77\/revisions"}],"predecessor-version":[{"id":716,"href":"https:\/\/webambition.fr\/index.php\/wp-json\/wp\/v2\/pages\/77\/revisions\/716"}],"wp:attachment":[{"href":"https:\/\/webambition.fr\/index.php\/wp-json\/wp\/v2\/media?parent=77"}],"curies":[{"name":"wp","href":"https:\/\/api.w.org\/{rel}","templated":true}]}}