{"id":79,"date":"2025-12-13T17:21:50","date_gmt":"2025-12-13T16:21:50","guid":{"rendered":"https:\/\/webambition.fr\/?page_id=79"},"modified":"2025-12-28T20:01:58","modified_gmt":"2025-12-28T19:01:58","slug":"maintenance-accompagnement","status":"publish","type":"page","link":"https:\/\/webambition.fr\/index.php\/maintenance-accompagnement\/","title":{"rendered":"Maintenance &amp; aide"},"content":{"rendered":"\n<div class=\"wp-block-uagb-container uagb-block-e9b647af alignfull uagb-is-root-container\">\n<h1 class=\"wp-block-heading has-text-align-center animated fadeIn delay-100ms slow has-ast-global-color-0-color has-text-color has-link-color wp-elements-6026486b8c1cf096ca1c1ddb2eb3fc51\"><strong>Maintenance et aide pour site WordPress<\/strong><\/h1>\n<\/div>\n\n\n\n<h2 class=\"wp-block-heading has-text-align-center animated fadeIn delay-200ms slow has-ast-global-color-0-color has-text-color has-link-color wp-elements-982bf9293375c9df8cfaa56a013a210c\" style=\"padding-top:var(--wp--preset--spacing--70);padding-bottom:var(--wp--preset--spacing--70)\"><strong>\u00c0 quoi sert la maintenance d\u2019un site WordPress ?<\/strong><\/h2>\n\n\n\n<p class=\"has-ast-global-color-0-color has-text-color has-link-color wp-elements-fdafd2b2ee885095db77f74ff41a5f49\" style=\"padding-top:0;padding-bottom:0;line-height:1.4\">La maintenance permet de garder ton site WordPress s\u00e9curis\u00e9, \u00e0 jour et fonctionnel dans le temps.<br>Elle \u00e9vite les bugs, les failles de s\u00e9curit\u00e9 et les dysfonctionnements apr\u00e8s la mise en ligne.<br>Un site sans maintenance finit toujours par rencontrer des probl\u00e8mes.<\/p>\n\n\n<style>.kb-row-layout-wrap.wp-block-kadence-rowlayout.kb-row-layout-id79_77bf75-dc{margin-top:var(--global-kb-spacing-xxl, 5rem);margin-bottom:var(--global-kb-spacing-3xl, 6.5rem);}.kb-row-layout-id79_77bf75-dc > .kt-row-column-wrap{align-content:start;}:where(.kb-row-layout-id79_77bf75-dc > .kt-row-column-wrap) > .wp-block-kadence-column{justify-content:start;}.kb-row-layout-id79_77bf75-dc > .kt-row-column-wrap{column-gap:var(--global-kb-gap-md, 2rem);row-gap:var(--global-kb-gap-md, 2rem);padding-top:var(--global-kb-spacing-sm, 1.5rem);padding-bottom:0px;grid-template-columns:repeat(2, minmax(0, 1fr));}.kb-row-layout-id79_77bf75-dc{background-image:url('http:\/\/webambition.fr\/wp-content\/uploads\/2025\/12\/maintenance-site-wordpress-support-technique.webp-scaled.jpg');background-size:cover;background-position:center center;background-attachment:scroll;background-repeat:no-repeat;}.kb-row-layout-id79_77bf75-dc > .kt-row-layout-overlay{opacity:0.30;}@media all and (max-width: 1024px){.kb-row-layout-id79_77bf75-dc > .kt-row-column-wrap{grid-template-columns:repeat(2, minmax(0, 1fr));}}@media all and (max-width: 767px){.kb-row-layout-id79_77bf75-dc > .kt-row-column-wrap{grid-template-columns:minmax(0, 1fr);}}<\/style><div class=\"kb-row-layout-wrap kb-row-layout-id79_77bf75-dc alignnone kt-row-has-bg animated fadeIn delay-500ms slow wp-block-kadence-rowlayout\"><div class=\"kt-row-column-wrap kt-has-2-columns kt-row-layout-equal kt-tab-layout-inherit kt-mobile-layout-row kt-row-valign-top\">\n<style>.kadence-column79_b6105c-96 > .kt-inside-inner-col,.kadence-column79_b6105c-96 > .kt-inside-inner-col:before{border-top-left-radius:0px;border-top-right-radius:0px;border-bottom-right-radius:0px;border-bottom-left-radius:0px;}.kadence-column79_b6105c-96 > .kt-inside-inner-col{column-gap:var(--global-kb-gap-sm, 1rem);}.kadence-column79_b6105c-96 > .kt-inside-inner-col{flex-direction:column;}.kadence-column79_b6105c-96 > .kt-inside-inner-col > .aligncenter{width:100%;}.kadence-column79_b6105c-96 > .kt-inside-inner-col:before{opacity:0.3;}.kadence-column79_b6105c-96{position:relative;}@media all and (max-width: 1024px){.kadence-column79_b6105c-96 > .kt-inside-inner-col{flex-direction:column;justify-content:center;}}@media all and (max-width: 767px){.kadence-column79_b6105c-96 > .kt-inside-inner-col{flex-direction:column;justify-content:center;}}<\/style>\n<div class=\"wp-block-kadence-column kadence-column79_b6105c-96\"><div class=\"kt-inside-inner-col\">\n<h3 class=\"wp-block-heading has-text-align-center has-ast-global-color-4-color has-text-color has-link-color wp-elements-e5f1320e82778f0ce9e5dc9f2622ed14\" style=\"padding-top:var(--wp--preset--spacing--60);padding-bottom:var(--wp--preset--spacing--60);line-height:1.4\"><strong>Ce que comprend la maintenance<\/strong><\/h3>\n\n\n\n<h3 class=\"wp-block-heading has-ast-global-color-0-color has-text-color has-link-color wp-elements-73d153a30089a4055bd7b894f067fbc0\"><strong>\u2714 Inclut :<\/strong><\/h3>\n\n\n\n<ul style=\"line-height:1.4\" class=\"wp-block-list\">\n<li class=\"has-ast-global-color-0-color has-text-color has-link-color wp-elements-4e1a4147237f5fe436cbb9d0ea585452\" style=\"padding-top:var(--wp--preset--spacing--20);padding-bottom:var(--wp--preset--spacing--20);line-height:1.4\"><strong>Mises \u00e0 jour WordPress, th\u00e8me et extensions<\/strong><\/li>\n\n\n\n<li class=\"has-ast-global-color-0-color has-text-color has-link-color wp-elements-8f0a5050f650d4eaefe32a1da00bac06\" style=\"padding-top:var(--wp--preset--spacing--20);padding-bottom:var(--wp--preset--spacing--20);line-height:1.4\"><strong>Surveillance de la s\u00e9curit\u00e9<\/strong><\/li>\n\n\n\n<li class=\"has-ast-global-color-0-color has-text-color has-link-color wp-elements-cb97062062c7c8e682b6dc86565203fd\" style=\"padding-top:var(--wp--preset--spacing--20);padding-bottom:var(--wp--preset--spacing--20);line-height:1.4\"><strong>Sauvegardes r\u00e9guli\u00e8res<\/strong><\/li>\n\n\n\n<li class=\"has-ast-global-color-0-color has-text-color has-link-color wp-elements-a53e7618f4a1306507d4ed51b340fb80\" style=\"padding-top:var(--wp--preset--spacing--20);padding-bottom:var(--wp--preset--spacing--20);line-height:1.4\"><strong>V\u00e9rification du bon fonctionnement du site<\/strong><\/li>\n\n\n\n<li class=\"has-ast-global-color-0-color has-text-color has-link-color wp-elements-083e468bd007c1996f2de8bc44850ae4\" style=\"padding-top:var(--wp--preset--spacing--20);padding-bottom:var(--wp--preset--spacing--20);line-height:1.4\"><strong>Intervention en cas de probl\u00e8me technique simple<\/strong><\/li>\n<\/ul>\n<\/div><\/div>\n\n\n<style>.kadence-column79_5a5d47-78 > .kt-inside-inner-col,.kadence-column79_5a5d47-78 > .kt-inside-inner-col:before{border-top-left-radius:0px;border-top-right-radius:0px;border-bottom-right-radius:0px;border-bottom-left-radius:0px;}.kadence-column79_5a5d47-78 > .kt-inside-inner-col{column-gap:var(--global-kb-gap-sm, 1rem);}.kadence-column79_5a5d47-78 > .kt-inside-inner-col{flex-direction:column;}.kadence-column79_5a5d47-78 > .kt-inside-inner-col > .aligncenter{width:100%;}.kadence-column79_5a5d47-78 > .kt-inside-inner-col:before{opacity:0.3;}.kadence-column79_5a5d47-78{position:relative;}@media all and (max-width: 1024px){.kadence-column79_5a5d47-78 > .kt-inside-inner-col{flex-direction:column;justify-content:center;}}@media all and (max-width: 767px){.kadence-column79_5a5d47-78 > .kt-inside-inner-col{flex-direction:column;justify-content:center;}}<\/style>\n<div class=\"wp-block-kadence-column kadence-column79_5a5d47-78\"><div class=\"kt-inside-inner-col\">\n<h3 class=\"wp-block-heading has-text-align-center has-ast-global-color-4-color has-text-color has-link-color wp-elements-80b396e3b961e3c08495ecb926752102\" style=\"padding-top:var(--wp--preset--spacing--60);padding-bottom:var(--wp--preset--spacing--60);line-height:1.4\"><strong>Ce que la maintenance ne comprend pas<\/strong><\/h3>\n\n\n\n<h3 class=\"wp-block-heading has-ast-global-color-0-color has-text-color has-link-color wp-elements-39e1d96d730d3c07e5f18597e4cd90b1\"><strong>\u2718 N\u2019inclut pas :<\/strong><\/h3>\n\n\n\n<ul style=\"line-height:1.4\" class=\"wp-block-list\">\n<li class=\"has-ast-global-color-0-color has-text-color has-link-color wp-elements-81e241e2814e72b9c635c75f53573a61\" style=\"padding-top:var(--wp--preset--spacing--20);padding-bottom:var(--wp--preset--spacing--20);line-height:1.4\"><strong>Cr\u00e9ation de nouvelles pages<\/strong><\/li>\n\n\n\n<li class=\"has-ast-global-color-0-color has-text-color has-link-color wp-elements-db9e50e234f4211c2010c0428cba4e02\" style=\"padding-top:var(--wp--preset--spacing--20);padding-bottom:var(--wp--preset--spacing--20);line-height:1.4\"><strong>Modifications de design ou de structure<\/strong><\/li>\n\n\n\n<li class=\"has-ast-global-color-0-color has-text-color has-link-color wp-elements-a1471db14b6269ceb23017b82d9a2d2d\" style=\"padding-top:var(--wp--preset--spacing--20);padding-bottom:var(--wp--preset--spacing--20);line-height:1.4\"><strong>Ajout de fonctionnalit\u00e9s sp\u00e9cifiques<\/strong><\/li>\n\n\n\n<li class=\"has-ast-global-color-0-color has-text-color has-link-color wp-elements-380121d4ee65666c740b1e1bffe4f55a\" style=\"padding-top:var(--wp--preset--spacing--20);padding-bottom:var(--wp--preset--spacing--20);line-height:1.4\"><strong>Travail de r\u00e9f\u00e9rencement ou de r\u00e9daction<\/strong><\/li>\n\n\n\n<li class=\"has-ast-global-color-0-color has-text-color has-link-color wp-elements-57b5d6a3311c65faaf5274589a5bb6b6\" style=\"padding-top:var(--wp--preset--spacing--20);padding-bottom:var(--wp--preset--spacing--20);line-height:1.4\"><strong>Refonte du site<\/strong><\/li>\n<\/ul>\n<\/div><\/div>\n\n<\/div><\/div>\n\n\n<h2 class=\"wp-block-heading has-text-align-center animated fadeIn delay-100ms slow has-ast-global-color-0-color has-text-color has-link-color wp-elements-58ff570956c9014de869e20b04d7cf89\" style=\"padding-top:var(--wp--preset--spacing--60);padding-bottom:var(--wp--preset--spacing--60)\"><strong>Besoin d\u2019aide ou d\u2019accompagnement ?<\/strong><\/h2>\n\n\n\n<p class=\"has-ast-global-color-0-color has-text-color has-link-color wp-elements-3ca4738bb0cc1bdc9c009df5221d4ac0\" style=\"line-height:1.4\">En plus de la maintenance, je propose une aide ponctuelle pour t\u2019expliquer, te guider ou d\u00e9bloquer une situation.<br>L\u2019objectif est que tu restes autonome, sans d\u00e9pendre d\u2019un prestataire en permanence.<\/p>\n\n\n\n<h3 class=\"wp-block-heading has-text-align-center animated fadeIn delay-100ms slow has-ast-global-color-0-color has-text-color has-link-color wp-elements-aa389d1f70dffb659249b14c7f030df6\" style=\"padding-top:var(--wp--preset--spacing--60);padding-bottom:var(--wp--preset--spacing--60)\"><strong>Un accompagnement adapt\u00e9 \u00e0 ton site<\/strong><\/h3>\n\n\n\n<p class=\"has-ast-global-color-0-color has-text-color has-link-color wp-elements-ac63a5fd004beadeb47a7c178fe2cf63\" style=\"padding-top:var(--wp--preset--spacing--50);padding-bottom:var(--wp--preset--spacing--50)\">Parlons de ton site et voyons ensemble ce dont tu as r\u00e9ellement besoin.<\/p>\n\n\n\n<div class=\"wp-block-buttons animated fadeIn delay-100ms slow is-content-justification-center is-layout-flex wp-container-core-buttons-is-layout-a89b3969 wp-block-buttons-is-layout-flex\">\n<div class=\"wp-block-button\"><a class=\"wp-block-button__link wp-element-button\" href=\"https:\/\/webambition.fr\/index.php\/reservation\/\"><strong>R\u00e9server un appel d\u00e9couverte<\/strong><\/a><\/div>\n<\/div>\n","protected":false},"excerpt":{"rendered":"<p>Maintenance et aide pour site WordPress \u00c0 quoi sert la maintenance d\u2019un site WordPress ? La maintenance permet de garder [&hellip;]<\/p>\n","protected":false},"author":1,"featured_media":0,"parent":0,"menu_order":0,"comment_status":"closed","ping_status":"closed","template":"","meta":{"_uag_custom_page_level_css":"","site-sidebar-layout":"default","site-content-layout":"","ast-site-content-layout":"default","site-content-style":"default","site-sidebar-style":"default","ast-global-header-display":"","ast-banner-title-visibility":"","ast-main-header-display":"","ast-hfb-above-header-display":"","ast-hfb-below-header-display":"","ast-hfb-mobile-header-display":"","site-post-title":"disabled","ast-breadcrumbs-content":"","ast-featured-img":"","footer-sml-layout":"","ast-disable-related-posts":"","theme-transparent-header-meta":"","adv-header-id-meta":"","stick-header-meta":"","header-above-stick-meta":"","header-main-stick-meta":"","header-below-stick-meta":"","astra-migrate-meta-layouts":"default","ast-page-background-enabled":"default","ast-page-background-meta":{"desktop":{"background-color":"var(--ast-global-color-5)","background-image":"","background-repeat":"repeat","background-position":"center center","background-size":"auto","background-attachment":"scroll","background-type":"","background-media":"","overlay-type":"","overlay-color":"","overlay-opacity":"","overlay-gradient":""},"tablet":{"background-color":"","background-image":"","background-repeat":"repeat","background-position":"center center","background-size":"auto","background-attachment":"scroll","background-type":"","background-media":"","overlay-type":"","overlay-color":"","overlay-opacity":"","overlay-gradient":""},"mobile":{"background-color":"","background-image":"","background-repeat":"repeat","background-position":"center center","background-size":"auto","background-attachment":"scroll","background-type":"","background-media":"","overlay-type":"","overlay-color":"","overlay-opacity":"","overlay-gradient":""}},"ast-content-background-meta":{"desktop":{"background-color":"var(--ast-global-color-4)","background-image":"","background-repeat":"repeat","background-position":"center center","background-size":"auto","background-attachment":"scroll","background-type":"","background-media":"","overlay-type":"","overlay-color":"","overlay-opacity":"","overlay-gradient":""},"tablet":{"background-color":"var(--ast-global-color-4)","background-image":"","background-repeat":"repeat","background-position":"center center","background-size":"auto","background-attachment":"scroll","background-type":"","background-media":"","overlay-type":"","overlay-color":"","overlay-opacity":"","overlay-gradient":""},"mobile":{"background-color":"var(--ast-global-color-4)","background-image":"","background-repeat":"repeat","background-position":"center center","background-size":"auto","background-attachment":"scroll","background-type":"","background-media":"","overlay-type":"","overlay-color":"","overlay-opacity":"","overlay-gradient":""}},"_themeisle_gutenberg_block_has_review":false,"footnotes":""},"class_list":["post-79","page","type-page","status-publish","hentry"],"yoast_head":"<!-- This site is optimized with the Yoast SEO plugin v27.3 - https:\/\/yoast.com\/product\/yoast-seo-wordpress\/ -->\n<title>Maintenance &amp; aide WordPress | WebAmbition<\/title>\n<meta name=\"description\" content=\"Maintenance et aide WordPress pour sites vitrine et e-commerce. Mises \u00e0 jour, s\u00e9curit\u00e9, support et accompagnement humain.\" \/>\n<meta name=\"robots\" content=\"index, follow, max-snippet:-1, max-image-preview:large, max-video-preview:-1\" \/>\n<link rel=\"canonical\" href=\"https:\/\/webambition.fr\/index.php\/maintenance-accompagnement\/\" \/>\n<meta property=\"og:locale\" content=\"fr_FR\" \/>\n<meta property=\"og:type\" content=\"article\" \/>\n<meta property=\"og:title\" content=\"Maintenance &amp; aide WordPress | WebAmbition\" \/>\n<meta property=\"og:description\" content=\"Maintenance WordPress simple et fiable. Mises \u00e0 jour, s\u00e9curit\u00e9 et support pour un site serein.\" \/>\n<meta property=\"og:url\" content=\"https:\/\/webambition.fr\/index.php\/maintenance-accompagnement\/\" \/>\n<meta property=\"og:site_name\" content=\"webambition.fr\" \/>\n<meta property=\"article:modified_time\" content=\"2025-12-28T19:01:58+00:00\" \/>\n<meta property=\"og:image\" content=\"https:\/\/webambition.fr\/wp-content\/uploads\/2025\/12\/cropped-Logo-secondaire-1080X1080-fond-beige-ecriture-bleu-100RVB.jpg\" \/>\n\t<meta property=\"og:image:width\" content=\"512\" \/>\n\t<meta property=\"og:image:height\" content=\"512\" \/>\n\t<meta property=\"og:image:type\" content=\"image\/jpeg\" \/>\n<meta name=\"twitter:card\" content=\"summary_large_image\" \/>\n<meta name=\"twitter:label1\" content=\"Dur\u00e9e de lecture est.\" \/>\n\t<meta name=\"twitter:data1\" content=\"1 minute\" \/>\n<script type=\"application\/ld+json\" class=\"yoast-schema-graph\">{\"@context\":\"https:\\\/\\\/schema.org\",\"@graph\":[{\"@type\":\"WebPage\",\"@id\":\"https:\\\/\\\/webambition.fr\\\/index.php\\\/maintenance-accompagnement\\\/\",\"url\":\"https:\\\/\\\/webambition.fr\\\/index.php\\\/maintenance-accompagnement\\\/\",\"name\":\"Maintenance & aide WordPress | WebAmbition\",\"isPartOf\":{\"@id\":\"https:\\\/\\\/webambition.fr\\\/#website\"},\"datePublished\":\"2025-12-13T16:21:50+00:00\",\"dateModified\":\"2025-12-28T19:01:58+00:00\",\"description\":\"Maintenance et aide WordPress pour sites vitrine et e-commerce. Mises \u00e0 jour, s\u00e9curit\u00e9, support et accompagnement humain.\",\"breadcrumb\":{\"@id\":\"https:\\\/\\\/webambition.fr\\\/index.php\\\/maintenance-accompagnement\\\/#breadcrumb\"},\"inLanguage\":\"fr-BE\",\"potentialAction\":[{\"@type\":\"ReadAction\",\"target\":[\"https:\\\/\\\/webambition.fr\\\/index.php\\\/maintenance-accompagnement\\\/\"]}]},{\"@type\":\"BreadcrumbList\",\"@id\":\"https:\\\/\\\/webambition.fr\\\/index.php\\\/maintenance-accompagnement\\\/#breadcrumb\",\"itemListElement\":[{\"@type\":\"ListItem\",\"position\":1,\"name\":\"Accueil\",\"item\":\"https:\\\/\\\/webambition.fr\\\/\"},{\"@type\":\"ListItem\",\"position\":2,\"name\":\"Maintenance &amp; aide\"}]},{\"@type\":\"WebSite\",\"@id\":\"https:\\\/\\\/webambition.fr\\\/#website\",\"url\":\"https:\\\/\\\/webambition.fr\\\/\",\"name\":\"webAmbition\",\"description\":\"\",\"publisher\":{\"@id\":\"https:\\\/\\\/webambition.fr\\\/#\\\/schema\\\/person\\\/5aa95e960cc5cd2547a2181e7c9feb6e\"},\"alternateName\":\"WebAmbition \u2013 cr\u00e9ation de sites web\",\"potentialAction\":[{\"@type\":\"SearchAction\",\"target\":{\"@type\":\"EntryPoint\",\"urlTemplate\":\"https:\\\/\\\/webambition.fr\\\/?s={search_term_string}\"},\"query-input\":{\"@type\":\"PropertyValueSpecification\",\"valueRequired\":true,\"valueName\":\"search_term_string\"}}],\"inLanguage\":\"fr-BE\"},{\"@type\":[\"Person\",\"Organization\"],\"@id\":\"https:\\\/\\\/webambition.fr\\\/#\\\/schema\\\/person\\\/5aa95e960cc5cd2547a2181e7c9feb6e\",\"name\":\"webambition.fr\",\"image\":{\"@type\":\"ImageObject\",\"inLanguage\":\"fr-BE\",\"@id\":\"https:\\\/\\\/webambition.fr\\\/wp-content\\\/uploads\\\/2025\\\/12\\\/cropped-cropped-Logo-avec-webmaster-500X500-ecriture-bleu.png\",\"url\":\"https:\\\/\\\/webambition.fr\\\/wp-content\\\/uploads\\\/2025\\\/12\\\/cropped-cropped-Logo-avec-webmaster-500X500-ecriture-bleu.png\",\"contentUrl\":\"https:\\\/\\\/webambition.fr\\\/wp-content\\\/uploads\\\/2025\\\/12\\\/cropped-cropped-Logo-avec-webmaster-500X500-ecriture-bleu.png\",\"width\":500,\"height\":166,\"caption\":\"webambition.fr\"},\"logo\":{\"@id\":\"https:\\\/\\\/webambition.fr\\\/wp-content\\\/uploads\\\/2025\\\/12\\\/cropped-cropped-Logo-avec-webmaster-500X500-ecriture-bleu.png\"},\"sameAs\":[\"https:\\\/\\\/webambition.fr\"]}]}<\/script>\n<!-- \/ Yoast SEO plugin. -->","yoast_head_json":{"title":"Maintenance & aide WordPress | WebAmbition","description":"Maintenance et aide WordPress pour sites vitrine et e-commerce. Mises \u00e0 jour, s\u00e9curit\u00e9, support et accompagnement humain.","robots":{"index":"index","follow":"follow","max-snippet":"max-snippet:-1","max-image-preview":"max-image-preview:large","max-video-preview":"max-video-preview:-1"},"canonical":"https:\/\/webambition.fr\/index.php\/maintenance-accompagnement\/","og_locale":"fr_FR","og_type":"article","og_title":"Maintenance & aide WordPress | WebAmbition","og_description":"Maintenance WordPress simple et fiable. Mises \u00e0 jour, s\u00e9curit\u00e9 et support pour un site serein.","og_url":"https:\/\/webambition.fr\/index.php\/maintenance-accompagnement\/","og_site_name":"webambition.fr","article_modified_time":"2025-12-28T19:01:58+00:00","og_image":[{"width":512,"height":512,"url":"https:\/\/webambition.fr\/wp-content\/uploads\/2025\/12\/cropped-Logo-secondaire-1080X1080-fond-beige-ecriture-bleu-100RVB.jpg","type":"image\/jpeg"}],"twitter_card":"summary_large_image","twitter_misc":{"Dur\u00e9e de lecture est.":"1 minute"},"schema":{"@context":"https:\/\/schema.org","@graph":[{"@type":"WebPage","@id":"https:\/\/webambition.fr\/index.php\/maintenance-accompagnement\/","url":"https:\/\/webambition.fr\/index.php\/maintenance-accompagnement\/","name":"Maintenance & aide WordPress | WebAmbition","isPartOf":{"@id":"https:\/\/webambition.fr\/#website"},"datePublished":"2025-12-13T16:21:50+00:00","dateModified":"2025-12-28T19:01:58+00:00","description":"Maintenance et aide WordPress pour sites vitrine et e-commerce. Mises \u00e0 jour, s\u00e9curit\u00e9, support et accompagnement humain.","breadcrumb":{"@id":"https:\/\/webambition.fr\/index.php\/maintenance-accompagnement\/#breadcrumb"},"inLanguage":"fr-BE","potentialAction":[{"@type":"ReadAction","target":["https:\/\/webambition.fr\/index.php\/maintenance-accompagnement\/"]}]},{"@type":"BreadcrumbList","@id":"https:\/\/webambition.fr\/index.php\/maintenance-accompagnement\/#breadcrumb","itemListElement":[{"@type":"ListItem","position":1,"name":"Accueil","item":"https:\/\/webambition.fr\/"},{"@type":"ListItem","position":2,"name":"Maintenance &amp; aide"}]},{"@type":"WebSite","@id":"https:\/\/webambition.fr\/#website","url":"https:\/\/webambition.fr\/","name":"webAmbition","description":"","publisher":{"@id":"https:\/\/webambition.fr\/#\/schema\/person\/5aa95e960cc5cd2547a2181e7c9feb6e"},"alternateName":"WebAmbition \u2013 cr\u00e9ation de sites web","potentialAction":[{"@type":"SearchAction","target":{"@type":"EntryPoint","urlTemplate":"https:\/\/webambition.fr\/?s={search_term_string}"},"query-input":{"@type":"PropertyValueSpecification","valueRequired":true,"valueName":"search_term_string"}}],"inLanguage":"fr-BE"},{"@type":["Person","Organization"],"@id":"https:\/\/webambition.fr\/#\/schema\/person\/5aa95e960cc5cd2547a2181e7c9feb6e","name":"webambition.fr","image":{"@type":"ImageObject","inLanguage":"fr-BE","@id":"https:\/\/webambition.fr\/wp-content\/uploads\/2025\/12\/cropped-cropped-Logo-avec-webmaster-500X500-ecriture-bleu.png","url":"https:\/\/webambition.fr\/wp-content\/uploads\/2025\/12\/cropped-cropped-Logo-avec-webmaster-500X500-ecriture-bleu.png","contentUrl":"https:\/\/webambition.fr\/wp-content\/uploads\/2025\/12\/cropped-cropped-Logo-avec-webmaster-500X500-ecriture-bleu.png","width":500,"height":166,"caption":"webambition.fr"},"logo":{"@id":"https:\/\/webambition.fr\/wp-content\/uploads\/2025\/12\/cropped-cropped-Logo-avec-webmaster-500X500-ecriture-bleu.png"},"sameAs":["https:\/\/webambition.fr"]}]}},"uagb_featured_image_src":{"full":false,"thumbnail":false,"medium":false,"medium_large":false,"large":false,"1536x1536":false,"2048x2048":false,"mailpoet_newsletter_max":false},"uagb_author_info":{"display_name":"webambition.fr","author_link":"https:\/\/webambition.fr\/index.php\/author\/webambition-fr\/"},"uagb_comment_info":0,"uagb_excerpt":"Maintenance et aide pour site WordPress \u00c0 quoi sert la maintenance d\u2019un site WordPress ? La maintenance permet de garder [&hellip;]","_links":{"self":[{"href":"https:\/\/webambition.fr\/index.php\/wp-json\/wp\/v2\/pages\/79","targetHints":{"allow":["GET"]}}],"collection":[{"href":"https:\/\/webambition.fr\/index.php\/wp-json\/wp\/v2\/pages"}],"about":[{"href":"https:\/\/webambition.fr\/index.php\/wp-json\/wp\/v2\/types\/page"}],"author":[{"embeddable":true,"href":"https:\/\/webambition.fr\/index.php\/wp-json\/wp\/v2\/users\/1"}],"replies":[{"embeddable":true,"href":"https:\/\/webambition.fr\/index.php\/wp-json\/wp\/v2\/comments?post=79"}],"version-history":[{"count":17,"href":"https:\/\/webambition.fr\/index.php\/wp-json\/wp\/v2\/pages\/79\/revisions"}],"predecessor-version":[{"id":734,"href":"https:\/\/webambition.fr\/index.php\/wp-json\/wp\/v2\/pages\/79\/revisions\/734"}],"wp:attachment":[{"href":"https:\/\/webambition.fr\/index.php\/wp-json\/wp\/v2\/media?parent=79"}],"curies":[{"name":"wp","href":"https:\/\/api.w.org\/{rel}","templated":true}]}}