{"id":81,"date":"2025-12-13T17:21:50","date_gmt":"2025-12-13T16:21:50","guid":{"rendered":"https:\/\/webambition.fr\/?page_id=81"},"modified":"2026-04-06T19:45:13","modified_gmt":"2026-04-06T17:45:13","slug":"a-propos","status":"publish","type":"page","link":"https:\/\/webambition.fr\/index.php\/a-propos\/","title":{"rendered":"\u00c0 propos"},"content":{"rendered":"\n<div class=\"wp-block-uagb-container uagb-block-94b88358 alignfull uagb-is-root-container\"><\/div>\n\n\n<style>.kb-row-layout-wrap.wp-block-kadence-rowlayout.kb-row-layout-id81_5f38a0-48{margin-bottom:0px;}.kb-row-layout-id81_5f38a0-48 > .kt-row-column-wrap{align-content:start;}:where(.kb-row-layout-id81_5f38a0-48 > .kt-row-column-wrap) > .wp-block-kadence-column{justify-content:start;}.kb-row-layout-id81_5f38a0-48 > .kt-row-column-wrap{column-gap:var(--global-kb-gap-md, 2rem);row-gap:var(--global-kb-gap-md, 2rem);padding-top:var(--global-kb-spacing-5xl, 10rem);padding-bottom:var(--global-kb-spacing-5xl, 10rem);grid-template-columns:minmax(0, 1fr) minmax(0, 2fr);}.kb-row-layout-id81_5f38a0-48 > .kt-row-layout-overlay{opacity:0.30;}@media all and (max-width: 1024px){.kb-row-layout-id81_5f38a0-48 > .kt-row-column-wrap{grid-template-columns:minmax(0, 1fr) minmax(0, 2fr);}}@media all and (max-width: 767px){.kb-row-layout-id81_5f38a0-48 > .kt-row-column-wrap{grid-template-columns:minmax(0, 1fr);}}<\/style><div class=\"kb-row-layout-wrap kb-row-layout-id81_5f38a0-48 alignnone wp-block-kadence-rowlayout\"><div class=\"kt-row-column-wrap kt-has-2-columns kt-row-layout-right-golden kt-tab-layout-inherit kt-mobile-layout-row kt-row-valign-top\">\n<style>.kadence-column81_7c5bd6-29 > .kt-inside-inner-col{display:flex;}.kadence-column81_7c5bd6-29 > .kt-inside-inner-col,.kadence-column81_7c5bd6-29 > .kt-inside-inner-col:before{border-top-left-radius:0px;border-top-right-radius:0px;border-bottom-right-radius:0px;border-bottom-left-radius:0px;}.kadence-column81_7c5bd6-29 > .kt-inside-inner-col{column-gap:var(--global-kb-gap-sm, 1rem);}.kadence-column81_7c5bd6-29 > .kt-inside-inner-col{flex-direction:column;justify-content:center;}.kadence-column81_7c5bd6-29 > .kt-inside-inner-col > .aligncenter{width:100%;}.kt-row-column-wrap > .kadence-column81_7c5bd6-29{align-self:center;}.kt-inner-column-height-full:not(.kt-has-1-columns) > .wp-block-kadence-column.kadence-column81_7c5bd6-29{align-self:auto;}.kt-inner-column-height-full:not(.kt-has-1-columns) > .wp-block-kadence-column.kadence-column81_7c5bd6-29 > .kt-inside-inner-col{flex-direction:column;justify-content:center;}.kadence-column81_7c5bd6-29 > .kt-inside-inner-col:before{opacity:0.3;}.kadence-column81_7c5bd6-29{position:relative;}@media all and (max-width: 1024px){.kt-row-column-wrap > .kadence-column81_7c5bd6-29{align-self:center;}}@media all and (max-width: 1024px){.kt-inner-column-height-full:not(.kt-has-1-columns) > .wp-block-kadence-column.kadence-column81_7c5bd6-29{align-self:auto;}}@media all and (max-width: 1024px){.kt-inner-column-height-full:not(.kt-has-1-columns) > .wp-block-kadence-column.kadence-column81_7c5bd6-29 > .kt-inside-inner-col{flex-direction:column;justify-content:center;}}@media all and (max-width: 1024px){.kadence-column81_7c5bd6-29 > .kt-inside-inner-col{flex-direction:column;justify-content:center;}}@media all and (max-width: 767px){.kt-row-column-wrap > .kadence-column81_7c5bd6-29{align-self:center;}.kt-inner-column-height-full:not(.kt-has-1-columns) > .wp-block-kadence-column.kadence-column81_7c5bd6-29{align-self:auto;}.kt-inner-column-height-full:not(.kt-has-1-columns) > .wp-block-kadence-column.kadence-column81_7c5bd6-29 > .kt-inside-inner-col{flex-direction:column;justify-content:center;}.kadence-column81_7c5bd6-29 > .kt-inside-inner-col{flex-direction:column;justify-content:center;}}<\/style>\n<div class=\"wp-block-kadence-column kadence-column81_7c5bd6-29\"><div class=\"kt-inside-inner-col\">\n<figure class=\"wp-block-image alignwide size-large animated fadeIn delay-100ms slow\"><img loading=\"lazy\" decoding=\"async\" width=\"1024\" height=\"683\" src=\"http:\/\/webambition.fr\/wp-content\/uploads\/2025\/12\/travail-web-laptop-mains-clavier-1024x683.png\" alt=\"Cr\u00e9ation de site web sur ordinateur portable avec accompagnement personnalis\u00e9\" class=\"wp-image-258\" srcset=\"https:\/\/webambition.fr\/wp-content\/uploads\/2025\/12\/travail-web-laptop-mains-clavier-1024x683.png 1024w, https:\/\/webambition.fr\/wp-content\/uploads\/2025\/12\/travail-web-laptop-mains-clavier-300x200.png 300w, https:\/\/webambition.fr\/wp-content\/uploads\/2025\/12\/travail-web-laptop-mains-clavier-768x512.png 768w, https:\/\/webambition.fr\/wp-content\/uploads\/2025\/12\/travail-web-laptop-mains-clavier-1536x1024.png 1536w, https:\/\/webambition.fr\/wp-content\/uploads\/2025\/12\/travail-web-laptop-mains-clavier-2048x1366.png 2048w\" sizes=\"auto, (max-width: 1024px) 100vw, 1024px\" \/><\/figure>\n<\/div><\/div>\n\n\n<style>.kadence-column81_387358-90 > .kt-inside-inner-col{display:flex;}.kadence-column81_387358-90 > .kt-inside-inner-col,.kadence-column81_387358-90 > .kt-inside-inner-col:before{border-top-left-radius:0px;border-top-right-radius:0px;border-bottom-right-radius:0px;border-bottom-left-radius:0px;}.kadence-column81_387358-90 > .kt-inside-inner-col{column-gap:var(--global-kb-gap-sm, 1rem);}.kadence-column81_387358-90 > .kt-inside-inner-col{flex-direction:column;justify-content:space-evenly;align-items:stretch;}.kadence-column81_387358-90 > .kt-inside-inner-col > .kb-image-is-ratio-size{align-self:stretch;}.kadence-column81_387358-90 > .kt-inside-inner-col > .wp-block-kadence-advancedgallery{align-self:stretch;}.kadence-column81_387358-90 > .kt-inside-inner-col > .aligncenter{width:100%;}.kt-row-column-wrap > .kadence-column81_387358-90{align-self:center;}.kt-inner-column-height-full:not(.kt-has-1-columns) > .wp-block-kadence-column.kadence-column81_387358-90{align-self:auto;}.kt-inner-column-height-full:not(.kt-has-1-columns) > .wp-block-kadence-column.kadence-column81_387358-90 > .kt-inside-inner-col{flex-direction:column;justify-content:space-evenly;}.kadence-column81_387358-90 > .kt-inside-inner-col:before{opacity:0.3;}.kadence-column81_387358-90{position:relative;}@media all and (max-width: 1024px){.kt-row-column-wrap > .kadence-column81_387358-90{align-self:center;}}@media all and (max-width: 1024px){.kt-inner-column-height-full:not(.kt-has-1-columns) > .wp-block-kadence-column.kadence-column81_387358-90{align-self:auto;}}@media all and (max-width: 1024px){.kt-inner-column-height-full:not(.kt-has-1-columns) > .wp-block-kadence-column.kadence-column81_387358-90 > .kt-inside-inner-col{flex-direction:column;justify-content:space-evenly;}}@media all and (max-width: 1024px){.kadence-column81_387358-90 > .kt-inside-inner-col{flex-direction:column;justify-content:space-evenly;align-items:stretch;}}@media all and (max-width: 767px){.kt-row-column-wrap > .kadence-column81_387358-90{align-self:center;}.kt-inner-column-height-full:not(.kt-has-1-columns) > .wp-block-kadence-column.kadence-column81_387358-90{align-self:auto;}.kt-inner-column-height-full:not(.kt-has-1-columns) > .wp-block-kadence-column.kadence-column81_387358-90 > .kt-inside-inner-col{flex-direction:column;justify-content:space-evenly;}.kadence-column81_387358-90 > .kt-inside-inner-col{flex-direction:column;justify-content:space-evenly;align-items:stretch;}}<\/style>\n<div class=\"wp-block-kadence-column kadence-column81_387358-90\"><div class=\"kt-inside-inner-col\">\n<h1 class=\"wp-block-heading has-text-align-center animated fadeIn delay-200ms has-ast-global-color-0-color has-text-color has-link-color wp-elements-fb5d03fd36d4de7652af8c6167ab6407\" style=\"margin-top:0;margin-bottom:0;padding-top:var(--wp--preset--spacing--60);padding-bottom:var(--wp--preset--spacing--60)\"><strong>Je travaille comme je suis.<\/strong><\/h1>\n\n\n\n<p>Je fais les choses simplement.<\/p>\n\n\n\n<p>Claires. Compr\u00e9hensibles.<\/p>\n\n\n\n<p>Quand ce n\u2019est pas clair, tu bloques.<\/p>\n\n\n\n<p>Je prends le temps de comprendre ton activit\u00e9.<\/p>\n\n\n\n<p>Je structure avec toi.<\/p>\n\n\n\n<p>Tu sais o\u00f9 tu vas.<\/p>\n<\/div><\/div>\n\n<\/div><\/div>\n\n\n<h2 class=\"wp-block-heading has-text-align-center animated fadeIn delay-100ms slow has-ast-global-color-0-color has-text-color has-link-color wp-elements-0bfef8e16a2ad65ceef26b6d26c9eb32\" style=\"padding-top:var(--wp--preset--spacing--50);padding-bottom:var(--wp--preset--spacing--50)\"><br><strong>Quand tout est clair, avancer devient plus simple.<\/strong><\/h2>\n\n\n\n<div class=\"wp-block-buttons is-content-justification-center is-layout-flex wp-container-core-buttons-is-layout-a89b3969 wp-block-buttons-is-layout-flex\">\n<div class=\"wp-block-button\"><a class=\"wp-block-button__link has-ast-global-color-4-color has-text-color has-link-color wp-element-button\" href=\"https:\/\/webambition.fr\/index.php\/services\/\"> Voir les services<\/a><\/div>\n<\/div>\n","protected":false},"excerpt":{"rendered":"<p>Je travaille comme je suis. Je fais les choses simplement. Claires. Compr\u00e9hensibles. Quand ce n\u2019est pas clair, tu bloques. Je [&hellip;]<\/p>\n","protected":false},"author":1,"featured_media":0,"parent":0,"menu_order":0,"comment_status":"closed","ping_status":"closed","template":"","meta":{"_uag_custom_page_level_css":"","site-sidebar-layout":"default","site-content-layout":"","ast-site-content-layout":"default","site-content-style":"default","site-sidebar-style":"default","ast-global-header-display":"","ast-banner-title-visibility":"","ast-main-header-display":"","ast-hfb-above-header-display":"","ast-hfb-below-header-display":"","ast-hfb-mobile-header-display":"","site-post-title":"disabled","ast-breadcrumbs-content":"","ast-featured-img":"","footer-sml-layout":"","ast-disable-related-posts":"","theme-transparent-header-meta":"","adv-header-id-meta":"","stick-header-meta":"","header-above-stick-meta":"","header-main-stick-meta":"","header-below-stick-meta":"","astra-migrate-meta-layouts":"default","ast-page-background-enabled":"default","ast-page-background-meta":{"desktop":{"background-color":"var(--ast-global-color-5)","background-image":"","background-repeat":"repeat","background-position":"center center","background-size":"auto","background-attachment":"scroll","background-type":"","background-media":"","overlay-type":"","overlay-color":"","overlay-opacity":"","overlay-gradient":""},"tablet":{"background-color":"","background-image":"","background-repeat":"repeat","background-position":"center center","background-size":"auto","background-attachment":"scroll","background-type":"","background-media":"","overlay-type":"","overlay-color":"","overlay-opacity":"","overlay-gradient":""},"mobile":{"background-color":"","background-image":"","background-repeat":"repeat","background-position":"center center","background-size":"auto","background-attachment":"scroll","background-type":"","background-media":"","overlay-type":"","overlay-color":"","overlay-opacity":"","overlay-gradient":""}},"ast-content-background-meta":{"desktop":{"background-color":"var(--ast-global-color-4)","background-image":"","background-repeat":"repeat","background-position":"center center","background-size":"auto","background-attachment":"scroll","background-type":"","background-media":"","overlay-type":"","overlay-color":"","overlay-opacity":"","overlay-gradient":""},"tablet":{"background-color":"var(--ast-global-color-4)","background-image":"","background-repeat":"repeat","background-position":"center center","background-size":"auto","background-attachment":"scroll","background-type":"","background-media":"","overlay-type":"","overlay-color":"","overlay-opacity":"","overlay-gradient":""},"mobile":{"background-color":"var(--ast-global-color-4)","background-image":"","background-repeat":"repeat","background-position":"center center","background-size":"auto","background-attachment":"scroll","background-type":"","background-media":"","overlay-type":"","overlay-color":"","overlay-opacity":"","overlay-gradient":""}},"_themeisle_gutenberg_block_has_review":false,"footnotes":""},"class_list":["post-81","page","type-page","status-publish","hentry"],"yoast_head":"<!-- This site is optimized with the Yoast SEO plugin v27.3 - https:\/\/yoast.com\/product\/yoast-seo-wordpress\/ -->\n<title>\u00c0 propos de WebAmbition | Cr\u00e9atrice de sites web WordPress<\/title>\n<meta name=\"description\" content=\"Conditions g\u00e9n\u00e9rales de vente de WebAmbition. Informations l\u00e9gales sur les prestations, modalit\u00e9s de paiement et responsabilit\u00e9s des parties.\" \/>\n<meta name=\"robots\" content=\"index, follow, max-snippet:-1, max-image-preview:large, max-video-preview:-1\" \/>\n<link rel=\"canonical\" href=\"https:\/\/webambition.fr\/index.php\/a-propos\/\" \/>\n<meta property=\"og:locale\" content=\"fr_FR\" \/>\n<meta property=\"og:type\" content=\"article\" \/>\n<meta property=\"og:title\" content=\"WebAmbition \u2014 Cr\u00e9ation de sites web simples et humains\" \/>\n<meta property=\"og:description\" content=\"Cr\u00e9ation de sites web clairs et efficaces pour les ind\u00e9pendants et parents solos. Accompagnement humain, solutions simples, sans blabla.\" \/>\n<meta property=\"og:url\" content=\"https:\/\/webambition.fr\/index.php\/a-propos\/\" \/>\n<meta property=\"og:site_name\" content=\"webambition.fr\" \/>\n<meta property=\"article:modified_time\" content=\"2026-04-06T17:45:13+00:00\" \/>\n<meta property=\"og:image\" content=\"https:\/\/webambition.fr\/wp-content\/uploads\/2025\/12\/cropped-Logo-secondaire-1080X1080-fond-beige-ecriture-bleu-100RVB.jpg\" \/>\n\t<meta property=\"og:image:width\" content=\"512\" \/>\n\t<meta property=\"og:image:height\" content=\"512\" \/>\n\t<meta property=\"og:image:type\" content=\"image\/jpeg\" \/>\n<meta name=\"twitter:card\" content=\"summary_large_image\" \/>\n<meta name=\"twitter:label1\" content=\"Dur\u00e9e de lecture est.\" \/>\n\t<meta name=\"twitter:data1\" content=\"1 minute\" \/>\n<script type=\"application\/ld+json\" class=\"yoast-schema-graph\">{\"@context\":\"https:\\\/\\\/schema.org\",\"@graph\":[{\"@type\":\"WebPage\",\"@id\":\"https:\\\/\\\/webambition.fr\\\/index.php\\\/a-propos\\\/\",\"url\":\"https:\\\/\\\/webambition.fr\\\/index.php\\\/a-propos\\\/\",\"name\":\"\u00c0 propos de WebAmbition | Cr\u00e9atrice de sites web WordPress\",\"isPartOf\":{\"@id\":\"https:\\\/\\\/webambition.fr\\\/#website\"},\"primaryImageOfPage\":{\"@id\":\"https:\\\/\\\/webambition.fr\\\/index.php\\\/a-propos\\\/#primaryimage\"},\"image\":{\"@id\":\"https:\\\/\\\/webambition.fr\\\/index.php\\\/a-propos\\\/#primaryimage\"},\"thumbnailUrl\":\"http:\\\/\\\/webambition.fr\\\/wp-content\\\/uploads\\\/2025\\\/12\\\/travail-web-laptop-mains-clavier-1024x683.png\",\"datePublished\":\"2025-12-13T16:21:50+00:00\",\"dateModified\":\"2026-04-06T17:45:13+00:00\",\"description\":\"Conditions g\u00e9n\u00e9rales de vente de WebAmbition. Informations l\u00e9gales sur les prestations, modalit\u00e9s de paiement et responsabilit\u00e9s des parties.\",\"breadcrumb\":{\"@id\":\"https:\\\/\\\/webambition.fr\\\/index.php\\\/a-propos\\\/#breadcrumb\"},\"inLanguage\":\"fr-BE\",\"potentialAction\":[{\"@type\":\"ReadAction\",\"target\":[\"https:\\\/\\\/webambition.fr\\\/index.php\\\/a-propos\\\/\"]}]},{\"@type\":\"ImageObject\",\"inLanguage\":\"fr-BE\",\"@id\":\"https:\\\/\\\/webambition.fr\\\/index.php\\\/a-propos\\\/#primaryimage\",\"url\":\"https:\\\/\\\/webambition.fr\\\/wp-content\\\/uploads\\\/2025\\\/12\\\/travail-web-laptop-mains-clavier-scaled.png\",\"contentUrl\":\"https:\\\/\\\/webambition.fr\\\/wp-content\\\/uploads\\\/2025\\\/12\\\/travail-web-laptop-mains-clavier-scaled.png\",\"width\":2560,\"height\":1707,\"caption\":\"Cr\u00e9ation de site web sur ordinateur portable avec accompagnement personnalis\u00e9\"},{\"@type\":\"BreadcrumbList\",\"@id\":\"https:\\\/\\\/webambition.fr\\\/index.php\\\/a-propos\\\/#breadcrumb\",\"itemListElement\":[{\"@type\":\"ListItem\",\"position\":1,\"name\":\"Accueil\",\"item\":\"https:\\\/\\\/webambition.fr\\\/\"},{\"@type\":\"ListItem\",\"position\":2,\"name\":\"\u00c0 propos\"}]},{\"@type\":\"WebSite\",\"@id\":\"https:\\\/\\\/webambition.fr\\\/#website\",\"url\":\"https:\\\/\\\/webambition.fr\\\/\",\"name\":\"webAmbition\",\"description\":\"\",\"publisher\":{\"@id\":\"https:\\\/\\\/webambition.fr\\\/#\\\/schema\\\/person\\\/5aa95e960cc5cd2547a2181e7c9feb6e\"},\"alternateName\":\"WebAmbition \u2013 cr\u00e9ation de sites web\",\"potentialAction\":[{\"@type\":\"SearchAction\",\"target\":{\"@type\":\"EntryPoint\",\"urlTemplate\":\"https:\\\/\\\/webambition.fr\\\/?s={search_term_string}\"},\"query-input\":{\"@type\":\"PropertyValueSpecification\",\"valueRequired\":true,\"valueName\":\"search_term_string\"}}],\"inLanguage\":\"fr-BE\"},{\"@type\":[\"Person\",\"Organization\"],\"@id\":\"https:\\\/\\\/webambition.fr\\\/#\\\/schema\\\/person\\\/5aa95e960cc5cd2547a2181e7c9feb6e\",\"name\":\"webambition.fr\",\"image\":{\"@type\":\"ImageObject\",\"inLanguage\":\"fr-BE\",\"@id\":\"https:\\\/\\\/webambition.fr\\\/wp-content\\\/uploads\\\/2025\\\/12\\\/cropped-cropped-Logo-avec-webmaster-500X500-ecriture-bleu.png\",\"url\":\"https:\\\/\\\/webambition.fr\\\/wp-content\\\/uploads\\\/2025\\\/12\\\/cropped-cropped-Logo-avec-webmaster-500X500-ecriture-bleu.png\",\"contentUrl\":\"https:\\\/\\\/webambition.fr\\\/wp-content\\\/uploads\\\/2025\\\/12\\\/cropped-cropped-Logo-avec-webmaster-500X500-ecriture-bleu.png\",\"width\":500,\"height\":166,\"caption\":\"webambition.fr\"},\"logo\":{\"@id\":\"https:\\\/\\\/webambition.fr\\\/wp-content\\\/uploads\\\/2025\\\/12\\\/cropped-cropped-Logo-avec-webmaster-500X500-ecriture-bleu.png\"},\"sameAs\":[\"https:\\\/\\\/webambition.fr\"]}]}<\/script>\n<!-- \/ Yoast SEO plugin. -->","yoast_head_json":{"title":"\u00c0 propos de WebAmbition | Cr\u00e9atrice de sites web WordPress","description":"Conditions g\u00e9n\u00e9rales de vente de WebAmbition. Informations l\u00e9gales sur les prestations, modalit\u00e9s de paiement et responsabilit\u00e9s des parties.","robots":{"index":"index","follow":"follow","max-snippet":"max-snippet:-1","max-image-preview":"max-image-preview:large","max-video-preview":"max-video-preview:-1"},"canonical":"https:\/\/webambition.fr\/index.php\/a-propos\/","og_locale":"fr_FR","og_type":"article","og_title":"WebAmbition \u2014 Cr\u00e9ation de sites web simples et humains","og_description":"Cr\u00e9ation de sites web clairs et efficaces pour les ind\u00e9pendants et parents solos. Accompagnement humain, solutions simples, sans blabla.","og_url":"https:\/\/webambition.fr\/index.php\/a-propos\/","og_site_name":"webambition.fr","article_modified_time":"2026-04-06T17:45:13+00:00","og_image":[{"width":512,"height":512,"url":"https:\/\/webambition.fr\/wp-content\/uploads\/2025\/12\/cropped-Logo-secondaire-1080X1080-fond-beige-ecriture-bleu-100RVB.jpg","type":"image\/jpeg"}],"twitter_card":"summary_large_image","twitter_misc":{"Dur\u00e9e de lecture est.":"1 minute"},"schema":{"@context":"https:\/\/schema.org","@graph":[{"@type":"WebPage","@id":"https:\/\/webambition.fr\/index.php\/a-propos\/","url":"https:\/\/webambition.fr\/index.php\/a-propos\/","name":"\u00c0 propos de WebAmbition | Cr\u00e9atrice de sites web WordPress","isPartOf":{"@id":"https:\/\/webambition.fr\/#website"},"primaryImageOfPage":{"@id":"https:\/\/webambition.fr\/index.php\/a-propos\/#primaryimage"},"image":{"@id":"https:\/\/webambition.fr\/index.php\/a-propos\/#primaryimage"},"thumbnailUrl":"http:\/\/webambition.fr\/wp-content\/uploads\/2025\/12\/travail-web-laptop-mains-clavier-1024x683.png","datePublished":"2025-12-13T16:21:50+00:00","dateModified":"2026-04-06T17:45:13+00:00","description":"Conditions g\u00e9n\u00e9rales de vente de WebAmbition. Informations l\u00e9gales sur les prestations, modalit\u00e9s de paiement et responsabilit\u00e9s des parties.","breadcrumb":{"@id":"https:\/\/webambition.fr\/index.php\/a-propos\/#breadcrumb"},"inLanguage":"fr-BE","potentialAction":[{"@type":"ReadAction","target":["https:\/\/webambition.fr\/index.php\/a-propos\/"]}]},{"@type":"ImageObject","inLanguage":"fr-BE","@id":"https:\/\/webambition.fr\/index.php\/a-propos\/#primaryimage","url":"https:\/\/webambition.fr\/wp-content\/uploads\/2025\/12\/travail-web-laptop-mains-clavier-scaled.png","contentUrl":"https:\/\/webambition.fr\/wp-content\/uploads\/2025\/12\/travail-web-laptop-mains-clavier-scaled.png","width":2560,"height":1707,"caption":"Cr\u00e9ation de site web sur ordinateur portable avec accompagnement personnalis\u00e9"},{"@type":"BreadcrumbList","@id":"https:\/\/webambition.fr\/index.php\/a-propos\/#breadcrumb","itemListElement":[{"@type":"ListItem","position":1,"name":"Accueil","item":"https:\/\/webambition.fr\/"},{"@type":"ListItem","position":2,"name":"\u00c0 propos"}]},{"@type":"WebSite","@id":"https:\/\/webambition.fr\/#website","url":"https:\/\/webambition.fr\/","name":"webAmbition","description":"","publisher":{"@id":"https:\/\/webambition.fr\/#\/schema\/person\/5aa95e960cc5cd2547a2181e7c9feb6e"},"alternateName":"WebAmbition \u2013 cr\u00e9ation de sites web","potentialAction":[{"@type":"SearchAction","target":{"@type":"EntryPoint","urlTemplate":"https:\/\/webambition.fr\/?s={search_term_string}"},"query-input":{"@type":"PropertyValueSpecification","valueRequired":true,"valueName":"search_term_string"}}],"inLanguage":"fr-BE"},{"@type":["Person","Organization"],"@id":"https:\/\/webambition.fr\/#\/schema\/person\/5aa95e960cc5cd2547a2181e7c9feb6e","name":"webambition.fr","image":{"@type":"ImageObject","inLanguage":"fr-BE","@id":"https:\/\/webambition.fr\/wp-content\/uploads\/2025\/12\/cropped-cropped-Logo-avec-webmaster-500X500-ecriture-bleu.png","url":"https:\/\/webambition.fr\/wp-content\/uploads\/2025\/12\/cropped-cropped-Logo-avec-webmaster-500X500-ecriture-bleu.png","contentUrl":"https:\/\/webambition.fr\/wp-content\/uploads\/2025\/12\/cropped-cropped-Logo-avec-webmaster-500X500-ecriture-bleu.png","width":500,"height":166,"caption":"webambition.fr"},"logo":{"@id":"https:\/\/webambition.fr\/wp-content\/uploads\/2025\/12\/cropped-cropped-Logo-avec-webmaster-500X500-ecriture-bleu.png"},"sameAs":["https:\/\/webambition.fr"]}]}},"uagb_featured_image_src":{"full":false,"thumbnail":false,"medium":false,"medium_large":false,"large":false,"1536x1536":false,"2048x2048":false,"mailpoet_newsletter_max":false},"uagb_author_info":{"display_name":"webambition.fr","author_link":"https:\/\/webambition.fr\/index.php\/author\/webambition-fr\/"},"uagb_comment_info":0,"uagb_excerpt":"Je travaille comme je suis. Je fais les choses simplement. Claires. Compr\u00e9hensibles. Quand ce n\u2019est pas clair, tu bloques. Je [&hellip;]","_links":{"self":[{"href":"https:\/\/webambition.fr\/index.php\/wp-json\/wp\/v2\/pages\/81","targetHints":{"allow":["GET"]}}],"collection":[{"href":"https:\/\/webambition.fr\/index.php\/wp-json\/wp\/v2\/pages"}],"about":[{"href":"https:\/\/webambition.fr\/index.php\/wp-json\/wp\/v2\/types\/page"}],"author":[{"embeddable":true,"href":"https:\/\/webambition.fr\/index.php\/wp-json\/wp\/v2\/users\/1"}],"replies":[{"embeddable":true,"href":"https:\/\/webambition.fr\/index.php\/wp-json\/wp\/v2\/comments?post=81"}],"version-history":[{"count":30,"href":"https:\/\/webambition.fr\/index.php\/wp-json\/wp\/v2\/pages\/81\/revisions"}],"predecessor-version":[{"id":806,"href":"https:\/\/webambition.fr\/index.php\/wp-json\/wp\/v2\/pages\/81\/revisions\/806"}],"wp:attachment":[{"href":"https:\/\/webambition.fr\/index.php\/wp-json\/wp\/v2\/media?parent=81"}],"curies":[{"name":"wp","href":"https:\/\/api.w.org\/{rel}","templated":true}]}}