{"id":82,"date":"2025-12-13T17:21:50","date_gmt":"2025-12-13T16:21:50","guid":{"rendered":"https:\/\/webambition.fr\/?page_id=82"},"modified":"2025-12-28T20:09:32","modified_gmt":"2025-12-28T19:09:32","slug":"contact","status":"publish","type":"page","link":"https:\/\/webambition.fr\/index.php\/contact\/","title":{"rendered":"Contact"},"content":{"rendered":"\n<div class=\"wp-block-uagb-container animated fadeIn delay-100ms slow uagb-block-de218694 alignfull uagb-is-root-container\">\n<h1 class=\"wp-block-heading has-text-align-center has-ast-global-color-0-color has-text-color has-link-color wp-elements-c8745881aafde344c3839cd12953b64c\"><strong>Ma m\u00e9thode pour cr\u00e9er un site clair, structur\u00e9 et facile \u00e0 g\u00e9rer<\/strong><\/h1>\n<\/div>\n\n\n\n<h2 class=\"wp-block-heading has-text-align-center has-ast-global-color-0-color has-text-color has-link-color wp-elements-1b9158b9d04c624bf67c7484376694aa\" style=\"padding-top:var(--wp--preset--spacing--80);padding-bottom:var(--wp--preset--spacing--80)\">Tu as un projet clair ou une question pr\u00e9cise ?<\/h2>\n\n\n\n<p class=\"has-text-align-center has-ast-global-color-0-color has-text-color has-link-color wp-elements-af37c03203e512080304667268394b8b\" style=\"line-height:1.4\"><br>Ce formulaire me permet de comprendre ton besoin et de te r\u00e9pondre correctement.<\/p>\n\n\n<style>.wp-block-kadence-form.kadence-form-82_27a4cc-ac.kb-form-wrap{margin-bottom:var(--global-kb-spacing-3xl, 6.5rem);}.kadence-form-82_27a4cc-ac .kb-form .kadence-blocks-form-field .kb-text-style-field, .kadence-form-82_27a4cc-ac .kb-form .kadence-blocks-form-field .kb-select-style-field{color:var(--ast-global-color-0);font-size:var(--global-kb-font-size-md, 1.25rem);box-shadow:inset 0px 0px 60px 5px var(--ast-global-color-4);}.kadence-form-82_27a4cc-ac .kb-form .kadence-blocks-form-field .kb-forms-submit{color:var(--ast-global-color-4);border-radius:8px;background:linear-gradient(180deg, var(--ast-global-color-1) 0%, #999999 100%);border-color:var(--ast-global-color-2);box-shadow:1px 1px 2px 0px rgba(0, 0, 0, 0.2);}.kadence-form-82_27a4cc-ac .kb-form .kadence-blocks-form-field .kb-forms-submit::before{background:var(--ast-global-color-2);}.kadence-form-82_27a4cc-ac .kb-form .kadence-blocks-form-field .kb-forms-submit{font-size:var(--global-kb-font-size-md, 1.25rem);}.kb-form input.kadence-blocks-field.verify{opacity:0.0;position:absolute;top:0.0;left:0.0;width:0.0;height:0.0;z-index:-1;}<\/style>\n<div class=\"wp-block-kadence-form alignwide kadence-form-82_27a4cc-ac kb-form-wrap kb-form-align-center\"><form class=\"kb-form\" action=\"\" method=\"post\" data-error-message=\"Merci de corriger les champs indiqu\u00e9s avant l\u2019envoi.\"><div class=\"kadence-blocks-form-field kb-field-desk-width-100 kb-field-tablet-width-100 kb-field-mobile-width-100 kb-input-size-standard\"><label for=\"kb_field_82_27a4cc-ac_0\">Nom &#8211; pr\u00e9nom<span class=\"required\">*<\/span><\/label><span id=\"kb_field_desc_82_27a4cc-ac_0\" class=\"screen-reader-text\">Champ facultatif pour indiquer votre nom<\/span><input name=\"kb_field_0\" id=\"kb_field_82_27a4cc-ac_0\" data-label=\"Nom - pr\u00e9nom\" type=\"text\" placeholder=\"\" value=\"\" data-type=\"text\" class=\"kb-field kb-text-style-field kb-text-field kb-field-0\" data-required=\"yes\" aria-describedby=\"kb_field_desc_82_27a4cc-ac_0\"\/><\/div><div class=\"kadence-blocks-form-field kb-form-field-1 kb-field-desk-width-100 kb-input-size-standard\"><label for=\"kb_field_82_27a4cc-ac_1\">Email<span class=\"required\">*<\/span><\/label><span id=\"kb_field_desc_82_27a4cc-ac_1\" class=\"screen-reader-text\">Adresse email n\u00e9cessaire pour recevoir une r\u00e9ponse<\/span><input name=\"kb_field_1\" id=\"kb_field_82_27a4cc-ac_1\" data-label=\"Email\" type=\"email\" placeholder=\"\" value=\"\" data-type=\"email\" class=\"kb-field kb-text-style-field kb-email-field kb-field-1\" data-required=\"yes\" aria-describedby=\"kb_field_desc_82_27a4cc-ac_1\"\/><span class=\"kb-field-help\">Adresse utilis\u00e9e uniquement pour vous r\u00e9pondre<\/span><\/div><div class=\"kadence-blocks-form-field kb-form-field-2 kb-field-desk-width-100 kb-input-size-standard\"><label for=\"kb_field_82_27a4cc-ac_2\">Message<span class=\"required\">*<\/span><\/label><textarea name=\"kb_field_2\" id=\"kb_field_82_27a4cc-ac_2\" data-label=\"Message\" type=\"textarea\" placeholder=\"\" data-type=\"textarea\" class=\"kb-field kb-text-style-field kb-textarea-field kb-field-2\" rows=\"4\" data-required=\"yes\"><\/textarea><\/div><input type=\"hidden\" name=\"_kb_form_id\" value=\"82_27a4cc-ac\"\/><input type=\"hidden\" name=\"_kb_form_post_id\" value=\"82\"\/><input type=\"hidden\" name=\"action\" value=\"kb_process_ajax_submit\"\/><label class=\"kadence-verify-label\">Email<input class=\"kadence-blocks-field verify\" type=\"text\" name=\"_kb_verify_email\" autocomplete=\"new-password\" aria-hidden=\"true\" placeholder=\"Email\" tabindex=\"-1\" data-1p-ignore=\"true\" data-lpignore=\"true\" \/><\/label><div class=\"kadence-blocks-form-field kb-submit-field kb-field-desk-width-100\"><button class=\"kb-forms-submit button kb-button-size-standard kb-button-width-full\">Envoyer<\/button><\/div><\/form><\/div>\n<noscript><div class=\"kadence-blocks-form-message kadence-blocks-form-warning\">Please enable JavaScript in your browser to submit the form<\/div><style>.kadence-form-82_27a4cc-ac .kadence-blocks-form-field.kb-submit-field { display: none; }<\/style><\/noscript>\n\n\n<h2 class=\"wp-block-heading has-text-align-center has-ast-global-color-0-color has-text-color has-link-color wp-elements-d98bb765ac2fa3f784b9872d6d8bceb8\"><strong>Ce qu\u2019il faut savoir avant de me contacter<\/strong><\/h2>\n\n\n\n<p class=\"has-ast-global-color-0-color has-text-color has-link-color wp-elements-b8fd6c36f4e1a921de76292ea8d3d405\" style=\"padding-top:var(--wp--preset--spacing--70);padding-bottom:var(--wp--preset--spacing--70);line-height:1.4\">\u2022 Je ne propose pas de devis instantan\u00e9<br>\u2022 Chaque demande est lue et analys\u00e9e avec attention<br>\u2022 R\u00e9ponse sous&nbsp;<strong>48 \u00e0 72 heures ouvr\u00e9es<\/strong><br>\u2022 Projets s\u00e9rieux et structur\u00e9s uniquement<\/p>\n\n\n\n<p class=\"has-text-align-center has-ast-global-color-0-color has-text-color has-link-color wp-elements-b63e6078517187297d926bb452ea13f7\" style=\"line-height:1.4\"><strong><em>Si ton projet est clair et que tu veux avancer sereinement,<br>tu peux r\u00e9server un cr\u00e9neau d\u2019\u00e9change.<\/em><\/strong><\/p>\n\n\n\n<div class=\"wp-block-buttons animated fadeIn delay-100ms slow is-horizontal is-content-justification-center is-layout-flex wp-container-core-buttons-is-layout-48ab90dd wp-block-buttons-is-layout-flex\" style=\"margin-top:0;margin-bottom:0;padding-top:var(--wp--preset--spacing--60);padding-bottom:var(--wp--preset--spacing--60)\">\n<div class=\"wp-block-button is-style-fill\"><a class=\"wp-block-button__link has-ast-global-color-4-color has-text-color has-link-color wp-element-button\" href=\"https:\/\/webambition.fr\/index.php\/reservation\/\" style=\"padding-top:var(--wp--preset--spacing--40);padding-bottom:var(--wp--preset--spacing--40)\"><code><code>R\u00e9server un rendez-vou<\/code><\/code>s<\/a><\/div>\n<\/div>\n","protected":false},"excerpt":{"rendered":"<p>Ma m\u00e9thode pour cr\u00e9er un site clair, structur\u00e9 et facile \u00e0 g\u00e9rer Tu as un projet clair ou une question [&hellip;]<\/p>\n","protected":false},"author":1,"featured_media":0,"parent":0,"menu_order":0,"comment_status":"closed","ping_status":"closed","template":"","meta":{"_uag_custom_page_level_css":"","site-sidebar-layout":"default","site-content-layout":"","ast-site-content-layout":"default","site-content-style":"default","site-sidebar-style":"default","ast-global-header-display":"","ast-banner-title-visibility":"","ast-main-header-display":"","ast-hfb-above-header-display":"","ast-hfb-below-header-display":"","ast-hfb-mobile-header-display":"","site-post-title":"disabled","ast-breadcrumbs-content":"","ast-featured-img":"","footer-sml-layout":"","ast-disable-related-posts":"","theme-transparent-header-meta":"","adv-header-id-meta":"","stick-header-meta":"","header-above-stick-meta":"","header-main-stick-meta":"","header-below-stick-meta":"","astra-migrate-meta-layouts":"default","ast-page-background-enabled":"default","ast-page-background-meta":{"desktop":{"background-color":"var(--ast-global-color-5)","background-image":"","background-repeat":"repeat","background-position":"center center","background-size":"auto","background-attachment":"scroll","background-type":"","background-media":"","overlay-type":"","overlay-color":"","overlay-opacity":"","overlay-gradient":""},"tablet":{"background-color":"","background-image":"","background-repeat":"repeat","background-position":"center center","background-size":"auto","background-attachment":"scroll","background-type":"","background-media":"","overlay-type":"","overlay-color":"","overlay-opacity":"","overlay-gradient":""},"mobile":{"background-color":"","background-image":"","background-repeat":"repeat","background-position":"center center","background-size":"auto","background-attachment":"scroll","background-type":"","background-media":"","overlay-type":"","overlay-color":"","overlay-opacity":"","overlay-gradient":""}},"ast-content-background-meta":{"desktop":{"background-color":"var(--ast-global-color-4)","background-image":"","background-repeat":"repeat","background-position":"center center","background-size":"auto","background-attachment":"scroll","background-type":"","background-media":"","overlay-type":"","overlay-color":"","overlay-opacity":"","overlay-gradient":""},"tablet":{"background-color":"var(--ast-global-color-4)","background-image":"","background-repeat":"repeat","background-position":"center center","background-size":"auto","background-attachment":"scroll","background-type":"","background-media":"","overlay-type":"","overlay-color":"","overlay-opacity":"","overlay-gradient":""},"mobile":{"background-color":"var(--ast-global-color-4)","background-image":"","background-repeat":"repeat","background-position":"center center","background-size":"auto","background-attachment":"scroll","background-type":"","background-media":"","overlay-type":"","overlay-color":"","overlay-opacity":"","overlay-gradient":""}},"_themeisle_gutenberg_block_has_review":false,"footnotes":""},"class_list":["post-82","page","type-page","status-publish","hentry"],"yoast_head":"<!-- This site is optimized with the Yoast SEO plugin v27.3 - https:\/\/yoast.com\/product\/yoast-seo-wordpress\/ -->\n<title>Contact | WebAmbition<\/title>\n<meta name=\"description\" content=\"Contactez WebAmbition pour toute demande d\u2019information ou de devis. \u00c9change par e-mail ou WhatsApp, accompagnement humain et clair.\" \/>\n<meta name=\"robots\" content=\"index, follow, max-snippet:-1, max-image-preview:large, max-video-preview:-1\" \/>\n<link rel=\"canonical\" href=\"https:\/\/webambition.fr\/index.php\/contact\/\" \/>\n<meta property=\"og:locale\" content=\"fr_FR\" \/>\n<meta property=\"og:type\" content=\"article\" \/>\n<meta property=\"og:title\" content=\"Contact | WebAmbition\" \/>\n<meta property=\"og:description\" content=\"Contactez WebAmbition pour toute demande d\u2019information ou de devis. \u00c9change par e-mail ou WhatsApp, accompagnement humain et clair.\" \/>\n<meta property=\"og:url\" content=\"https:\/\/webambition.fr\/index.php\/contact\/\" \/>\n<meta property=\"og:site_name\" content=\"webambition.fr\" \/>\n<meta property=\"article:modified_time\" content=\"2025-12-28T19:09:32+00:00\" \/>\n<meta property=\"og:image\" content=\"https:\/\/webambition.fr\/wp-content\/uploads\/2025\/12\/cropped-Logo-secondaire-1080X1080-fond-beige-ecriture-bleu-100RVB.jpg\" \/>\n\t<meta property=\"og:image:width\" content=\"512\" \/>\n\t<meta property=\"og:image:height\" content=\"512\" \/>\n\t<meta property=\"og:image:type\" content=\"image\/jpeg\" \/>\n<meta name=\"twitter:card\" content=\"summary_large_image\" \/>\n<meta name=\"twitter:label1\" content=\"Dur\u00e9e de lecture est.\" \/>\n\t<meta name=\"twitter:data1\" content=\"1 minute\" \/>\n<script type=\"application\/ld+json\" class=\"yoast-schema-graph\">{\"@context\":\"https:\\\/\\\/schema.org\",\"@graph\":[{\"@type\":\"WebPage\",\"@id\":\"https:\\\/\\\/webambition.fr\\\/index.php\\\/contact\\\/\",\"url\":\"https:\\\/\\\/webambition.fr\\\/index.php\\\/contact\\\/\",\"name\":\"Contact | WebAmbition\",\"isPartOf\":{\"@id\":\"https:\\\/\\\/webambition.fr\\\/#website\"},\"datePublished\":\"2025-12-13T16:21:50+00:00\",\"dateModified\":\"2025-12-28T19:09:32+00:00\",\"description\":\"Contactez WebAmbition pour toute demande d\u2019information ou de devis. \u00c9change par e-mail ou WhatsApp, accompagnement humain et clair.\",\"breadcrumb\":{\"@id\":\"https:\\\/\\\/webambition.fr\\\/index.php\\\/contact\\\/#breadcrumb\"},\"inLanguage\":\"fr-BE\",\"potentialAction\":[{\"@type\":\"ReadAction\",\"target\":[\"https:\\\/\\\/webambition.fr\\\/index.php\\\/contact\\\/\"]}]},{\"@type\":\"BreadcrumbList\",\"@id\":\"https:\\\/\\\/webambition.fr\\\/index.php\\\/contact\\\/#breadcrumb\",\"itemListElement\":[{\"@type\":\"ListItem\",\"position\":1,\"name\":\"Accueil\",\"item\":\"https:\\\/\\\/webambition.fr\\\/\"},{\"@type\":\"ListItem\",\"position\":2,\"name\":\"Contact\"}]},{\"@type\":\"WebSite\",\"@id\":\"https:\\\/\\\/webambition.fr\\\/#website\",\"url\":\"https:\\\/\\\/webambition.fr\\\/\",\"name\":\"webAmbition\",\"description\":\"\",\"publisher\":{\"@id\":\"https:\\\/\\\/webambition.fr\\\/#\\\/schema\\\/person\\\/5aa95e960cc5cd2547a2181e7c9feb6e\"},\"alternateName\":\"WebAmbition \u2013 cr\u00e9ation de sites web\",\"potentialAction\":[{\"@type\":\"SearchAction\",\"target\":{\"@type\":\"EntryPoint\",\"urlTemplate\":\"https:\\\/\\\/webambition.fr\\\/?s={search_term_string}\"},\"query-input\":{\"@type\":\"PropertyValueSpecification\",\"valueRequired\":true,\"valueName\":\"search_term_string\"}}],\"inLanguage\":\"fr-BE\"},{\"@type\":[\"Person\",\"Organization\"],\"@id\":\"https:\\\/\\\/webambition.fr\\\/#\\\/schema\\\/person\\\/5aa95e960cc5cd2547a2181e7c9feb6e\",\"name\":\"webambition.fr\",\"image\":{\"@type\":\"ImageObject\",\"inLanguage\":\"fr-BE\",\"@id\":\"https:\\\/\\\/webambition.fr\\\/wp-content\\\/uploads\\\/2025\\\/12\\\/cropped-cropped-Logo-avec-webmaster-500X500-ecriture-bleu.png\",\"url\":\"https:\\\/\\\/webambition.fr\\\/wp-content\\\/uploads\\\/2025\\\/12\\\/cropped-cropped-Logo-avec-webmaster-500X500-ecriture-bleu.png\",\"contentUrl\":\"https:\\\/\\\/webambition.fr\\\/wp-content\\\/uploads\\\/2025\\\/12\\\/cropped-cropped-Logo-avec-webmaster-500X500-ecriture-bleu.png\",\"width\":500,\"height\":166,\"caption\":\"webambition.fr\"},\"logo\":{\"@id\":\"https:\\\/\\\/webambition.fr\\\/wp-content\\\/uploads\\\/2025\\\/12\\\/cropped-cropped-Logo-avec-webmaster-500X500-ecriture-bleu.png\"},\"sameAs\":[\"https:\\\/\\\/webambition.fr\"]}]}<\/script>\n<!-- \/ Yoast SEO plugin. -->","yoast_head_json":{"title":"Contact | WebAmbition","description":"Contactez WebAmbition pour toute demande d\u2019information ou de devis. \u00c9change par e-mail ou WhatsApp, accompagnement humain et clair.","robots":{"index":"index","follow":"follow","max-snippet":"max-snippet:-1","max-image-preview":"max-image-preview:large","max-video-preview":"max-video-preview:-1"},"canonical":"https:\/\/webambition.fr\/index.php\/contact\/","og_locale":"fr_FR","og_type":"article","og_title":"Contact | WebAmbition","og_description":"Contactez WebAmbition pour toute demande d\u2019information ou de devis. \u00c9change par e-mail ou WhatsApp, accompagnement humain et clair.","og_url":"https:\/\/webambition.fr\/index.php\/contact\/","og_site_name":"webambition.fr","article_modified_time":"2025-12-28T19:09:32+00:00","og_image":[{"width":512,"height":512,"url":"https:\/\/webambition.fr\/wp-content\/uploads\/2025\/12\/cropped-Logo-secondaire-1080X1080-fond-beige-ecriture-bleu-100RVB.jpg","type":"image\/jpeg"}],"twitter_card":"summary_large_image","twitter_misc":{"Dur\u00e9e de lecture est.":"1 minute"},"schema":{"@context":"https:\/\/schema.org","@graph":[{"@type":"WebPage","@id":"https:\/\/webambition.fr\/index.php\/contact\/","url":"https:\/\/webambition.fr\/index.php\/contact\/","name":"Contact | WebAmbition","isPartOf":{"@id":"https:\/\/webambition.fr\/#website"},"datePublished":"2025-12-13T16:21:50+00:00","dateModified":"2025-12-28T19:09:32+00:00","description":"Contactez WebAmbition pour toute demande d\u2019information ou de devis. \u00c9change par e-mail ou WhatsApp, accompagnement humain et clair.","breadcrumb":{"@id":"https:\/\/webambition.fr\/index.php\/contact\/#breadcrumb"},"inLanguage":"fr-BE","potentialAction":[{"@type":"ReadAction","target":["https:\/\/webambition.fr\/index.php\/contact\/"]}]},{"@type":"BreadcrumbList","@id":"https:\/\/webambition.fr\/index.php\/contact\/#breadcrumb","itemListElement":[{"@type":"ListItem","position":1,"name":"Accueil","item":"https:\/\/webambition.fr\/"},{"@type":"ListItem","position":2,"name":"Contact"}]},{"@type":"WebSite","@id":"https:\/\/webambition.fr\/#website","url":"https:\/\/webambition.fr\/","name":"webAmbition","description":"","publisher":{"@id":"https:\/\/webambition.fr\/#\/schema\/person\/5aa95e960cc5cd2547a2181e7c9feb6e"},"alternateName":"WebAmbition \u2013 cr\u00e9ation de sites web","potentialAction":[{"@type":"SearchAction","target":{"@type":"EntryPoint","urlTemplate":"https:\/\/webambition.fr\/?s={search_term_string}"},"query-input":{"@type":"PropertyValueSpecification","valueRequired":true,"valueName":"search_term_string"}}],"inLanguage":"fr-BE"},{"@type":["Person","Organization"],"@id":"https:\/\/webambition.fr\/#\/schema\/person\/5aa95e960cc5cd2547a2181e7c9feb6e","name":"webambition.fr","image":{"@type":"ImageObject","inLanguage":"fr-BE","@id":"https:\/\/webambition.fr\/wp-content\/uploads\/2025\/12\/cropped-cropped-Logo-avec-webmaster-500X500-ecriture-bleu.png","url":"https:\/\/webambition.fr\/wp-content\/uploads\/2025\/12\/cropped-cropped-Logo-avec-webmaster-500X500-ecriture-bleu.png","contentUrl":"https:\/\/webambition.fr\/wp-content\/uploads\/2025\/12\/cropped-cropped-Logo-avec-webmaster-500X500-ecriture-bleu.png","width":500,"height":166,"caption":"webambition.fr"},"logo":{"@id":"https:\/\/webambition.fr\/wp-content\/uploads\/2025\/12\/cropped-cropped-Logo-avec-webmaster-500X500-ecriture-bleu.png"},"sameAs":["https:\/\/webambition.fr"]}]}},"uagb_featured_image_src":{"full":false,"thumbnail":false,"medium":false,"medium_large":false,"large":false,"1536x1536":false,"2048x2048":false,"mailpoet_newsletter_max":false},"uagb_author_info":{"display_name":"webambition.fr","author_link":"https:\/\/webambition.fr\/index.php\/author\/webambition-fr\/"},"uagb_comment_info":0,"uagb_excerpt":"Ma m\u00e9thode pour cr\u00e9er un site clair, structur\u00e9 et facile \u00e0 g\u00e9rer Tu as un projet clair ou une question [&hellip;]","_links":{"self":[{"href":"https:\/\/webambition.fr\/index.php\/wp-json\/wp\/v2\/pages\/82","targetHints":{"allow":["GET"]}}],"collection":[{"href":"https:\/\/webambition.fr\/index.php\/wp-json\/wp\/v2\/pages"}],"about":[{"href":"https:\/\/webambition.fr\/index.php\/wp-json\/wp\/v2\/types\/page"}],"author":[{"embeddable":true,"href":"https:\/\/webambition.fr\/index.php\/wp-json\/wp\/v2\/users\/1"}],"replies":[{"embeddable":true,"href":"https:\/\/webambition.fr\/index.php\/wp-json\/wp\/v2\/comments?post=82"}],"version-history":[{"count":46,"href":"https:\/\/webambition.fr\/index.php\/wp-json\/wp\/v2\/pages\/82\/revisions"}],"predecessor-version":[{"id":738,"href":"https:\/\/webambition.fr\/index.php\/wp-json\/wp\/v2\/pages\/82\/revisions\/738"}],"wp:attachment":[{"href":"https:\/\/webambition.fr\/index.php\/wp-json\/wp\/v2\/media?parent=82"}],"curies":[{"name":"wp","href":"https:\/\/api.w.org\/{rel}","templated":true}]}}